{"id":48712,"date":"2018-03-29T10:29:44","date_gmt":"2018-03-29T09:29:44","guid":{"rendered":"https:\/\/mkulcarx.preview.infomaniak.website\/produit\/ashton-vsg-robusto\/"},"modified":"2026-03-31T15:09:36","modified_gmt":"2026-03-31T13:09:36","slug":"ashton-vsg-robusto","status":"publish","type":"product","link":"https:\/\/cigarquality.com\/ja\/boutique\/cigares-dominicains\/ashton\/ashton-virgin-sun-grown\/ashton-vsg-robusto\/","title":{"rendered":"\u30a2\u30b7\u30e5\u30c8\u30f3 VSG \u30ed\u30d6\u30b9\u30c8 (24)"},"content":{"rendered":"<p>L&rsquo;Ashton VSG (Virgin Sun Grown) est un Robusto <strong>dont le m\u00e9lange de tabac a \u00e9t\u00e9 s\u00e9lectionn\u00e9 par Carlos Fuente Jr.<\/strong> est relativement \u00e9pic\u00e9 \u00e0 cru. Les premi\u00e8res bouff\u00e9es l\u00e9g\u00e8rement poivr\u00e9es laissent place au caf\u00e9. La cendre ferme et blanche est signe d&rsquo;une bonne construction. <strong>L&rsquo;\u00e9volution aromatique est tr\u00e8s int\u00e9ressante et se fait graduellement.<\/strong><\/p>","protected":false},"excerpt":{"rendered":"<p>\u8449\u5dfb24\u672c\u5165\u308a\u3002.<\/p>","protected":false},"featured_media":48716,"template":"","meta":{"_acf_changed":false},"product_brand":[],"product_cat":[23113,32583,19809,19812],"product_tag":[942,1851],"class_list":{"0":"post-48712","1":"product","2":"type-product","3":"status-publish","4":"has-post-thumbnail","6":"product_cat-ashton","7":"product_cat-ashton-virgin-sun-grown","8":"product_cat-cigares","9":"product_cat-cigares-dominicains","10":"product_tag-cafe","11":"product_tag-poivre","12":"product_shipping_class-cigares","14":"first","15":"instock","16":"sale","17":"taxable","18":"shipping-taxable","19":"purchasable","20":"product-type-simple"},"acf":[],"_links":{"self":[{"href":"https:\/\/cigarquality.com\/ja\/wp-json\/wp\/v2\/product\/48712","targetHints":{"allow":["GET"]}}],"collection":[{"href":"https:\/\/cigarquality.com\/ja\/wp-json\/wp\/v2\/product"}],"about":[{"href":"https:\/\/cigarquality.com\/ja\/wp-json\/wp\/v2\/types\/product"}],"wp:featuredmedia":[{"embeddable":true,"href":"https:\/\/cigarquality.com\/ja\/wp-json\/wp\/v2\/media\/48716"}],"wp:attachment":[{"href":"https:\/\/cigarquality.com\/ja\/wp-json\/wp\/v2\/media?parent=48712"}],"wp:term":[{"taxonomy":"product_brand","embeddable":true,"href":"https:\/\/cigarquality.com\/ja\/wp-json\/wp\/v2\/product_brand?post=48712"},{"taxonomy":"product_cat","embeddable":true,"href":"https:\/\/cigarquality.com\/ja\/wp-json\/wp\/v2\/product_cat?post=48712"},{"taxonomy":"product_tag","embeddable":true,"href":"https:\/\/cigarquality.com\/ja\/wp-json\/wp\/v2\/product_tag?post=48712"}],"curies":[{"name":"wp","href":"https:\/\/api.w.org\/{rel}","templated":true}]}}