{"id":48688,"date":"2018-03-29T10:29:44","date_gmt":"2018-03-29T09:29:44","guid":{"rendered":"https:\/\/mkulcarx.preview.infomaniak.website\/produit\/ashton-symmetry-prism\/"},"modified":"2025-07-25T13:21:35","modified_gmt":"2025-07-25T11:21:35","slug":"ashton-symmetry-prism","status":"publish","type":"product","link":"https:\/\/cigarquality.com\/ja\/boutique\/cigares-dominicains\/ashton\/ashton-symmetry\/ashton-symmetry-prism\/","title":{"rendered":"Ashton Symmetry Prism (25)"},"content":{"rendered":"<p>Ashton pr\u00e9sente\u00a0<strong>Ashton Symmetry Prism.<\/strong>\u00a0Il s\u2019agit de la derni\u00e8re ligne de la marque Ashton depuis ESG en 2006.\u00a0<strong>Compos\u00e9 par Carlos \u00abCarlito\u00bb Fuente Jr. d\u2019Arturo Fuente,<\/strong>\u00a0ce cigare limit\u00e9 contient des tabacs provenant du Ch\u00e2teau de la Fuente et de la Villa Gonzalez de Fuente en R\u00e9publique dominicaine. Il contient \u00e9galement du tabac de Un Bien Vecino de la Fuente situ\u00e9 \u00e0 Esteli, au Nicaragua.\u00a0<strong>Il s\u2019agit du premier cigare de la gamme Ashton contenant des tabacs dominicains et nicaraguayens de la famille Fuente.<\/strong>\u00a0Ce cigare mi-cors\u00e9 a quelque chose de sp\u00e9cial et tr\u00e8s recherch\u00e9. Envelopp\u00e9 dans une belle cape de Habano \u00e9quatorien, ce cigare est disponible en bo\u00eetes de 25 cigares.<\/p>","protected":false},"excerpt":{"rendered":"<p>\u8449\u5dfb25\u672c\u5165\u308a\u3002.<\/p>","protected":false},"featured_media":48692,"template":"","meta":{"_acf_changed":false},"product_brand":[],"product_cat":[23113,26525,19809,19812],"product_tag":[],"class_list":{"0":"post-48688","1":"product","2":"type-product","3":"status-publish","4":"has-post-thumbnail","6":"product_cat-ashton","7":"product_cat-ashton-symmetry","8":"product_cat-cigares","9":"product_cat-cigares-dominicains","10":"product_shipping_class-cigares","12":"first","13":"outofstock","14":"taxable","15":"shipping-taxable","16":"purchasable","17":"product-type-simple"},"acf":[],"_links":{"self":[{"href":"https:\/\/cigarquality.com\/ja\/wp-json\/wp\/v2\/product\/48688","targetHints":{"allow":["GET"]}}],"collection":[{"href":"https:\/\/cigarquality.com\/ja\/wp-json\/wp\/v2\/product"}],"about":[{"href":"https:\/\/cigarquality.com\/ja\/wp-json\/wp\/v2\/types\/product"}],"wp:featuredmedia":[{"embeddable":true,"href":"https:\/\/cigarquality.com\/ja\/wp-json\/wp\/v2\/media\/48692"}],"wp:attachment":[{"href":"https:\/\/cigarquality.com\/ja\/wp-json\/wp\/v2\/media?parent=48688"}],"wp:term":[{"taxonomy":"product_brand","embeddable":true,"href":"https:\/\/cigarquality.com\/ja\/wp-json\/wp\/v2\/product_brand?post=48688"},{"taxonomy":"product_cat","embeddable":true,"href":"https:\/\/cigarquality.com\/ja\/wp-json\/wp\/v2\/product_cat?post=48688"},{"taxonomy":"product_tag","embeddable":true,"href":"https:\/\/cigarquality.com\/ja\/wp-json\/wp\/v2\/product_tag?post=48688"}],"curies":[{"name":"wp","href":"https:\/\/api.w.org\/{rel}","templated":true}]}}