{"id":48624,"date":"2018-03-29T10:29:44","date_gmt":"2018-03-29T09:29:44","guid":{"rendered":"https:\/\/mkulcarx.preview.infomaniak.website\/produit\/ashton-cabinet-selection-no-3\/"},"modified":"2025-09-11T11:54:44","modified_gmt":"2025-09-11T09:54:44","slug":"ashton-cabinet-selection-no-3","status":"publish","type":"product","link":"https:\/\/cigarquality.com\/ja\/boutique\/cigares-dominicains\/ashton\/ashton-cabinet-selection\/ashton-cabinet-selection-no-3\/","title":{"rendered":"\u30a2\u30b7\u30e5\u30c8\u30f3\u30fb\u30ad\u30e3\u30d3\u30cd\u30c3\u30c8\u30fb\u30bb\u30ec\u30af\u30b7\u30e7\u30f3No.3 (20)"},"content":{"rendered":"<p>Les cigares Ashton Cabinet Selection No. 3 sont fabriqu\u00e9s \u00e0 la main <strong>exclusivement par les ma\u00eetres-m\u00e9langeurs des cigares Arturo Fuente.\u00a0<\/strong>Ces cigares de luxe, l\u00e9gers \u00e0 mi-cors\u00e9s, sont vieillis \u00e0 la perfection avec un m\u00e9lange parfaitement \u00e9quilibr\u00e9 de tabacs dominicains s\u00e9lectionn\u00e9s de trois \u00e0 quatre ans, entour\u00e9s de capes dor\u00e9es Connecticut Shade,\u00a0<strong>puis vieillis un an de plus apr\u00e8s le roulage.\u00a0<\/strong><strong>Comme tous les cigares Ashton, la construction est de premier ordre<\/strong>\u00a0et vous offre une fum\u00e9e toujours riche et complexe en ar\u00f4mes s\u00e9duisants.<\/p>","protected":false},"excerpt":{"rendered":"<p>20\u672c\u5165\u308a\u3002.<\/p>","protected":false},"featured_media":48628,"template":"","meta":{"_acf_changed":false},"product_brand":[],"product_cat":[23113,32562,19809,19812],"product_tag":[],"class_list":{"0":"post-48624","1":"product","2":"type-product","3":"status-publish","4":"has-post-thumbnail","6":"product_cat-ashton","7":"product_cat-ashton-cabinet-selection","8":"product_cat-cigares","9":"product_cat-cigares-dominicains","10":"product_shipping_class-cigares","12":"first","13":"outofstock","14":"sale","15":"taxable","16":"shipping-taxable","17":"purchasable","18":"product-type-simple"},"acf":[],"_links":{"self":[{"href":"https:\/\/cigarquality.com\/ja\/wp-json\/wp\/v2\/product\/48624","targetHints":{"allow":["GET"]}}],"collection":[{"href":"https:\/\/cigarquality.com\/ja\/wp-json\/wp\/v2\/product"}],"about":[{"href":"https:\/\/cigarquality.com\/ja\/wp-json\/wp\/v2\/types\/product"}],"wp:featuredmedia":[{"embeddable":true,"href":"https:\/\/cigarquality.com\/ja\/wp-json\/wp\/v2\/media\/48628"}],"wp:attachment":[{"href":"https:\/\/cigarquality.com\/ja\/wp-json\/wp\/v2\/media?parent=48624"}],"wp:term":[{"taxonomy":"product_brand","embeddable":true,"href":"https:\/\/cigarquality.com\/ja\/wp-json\/wp\/v2\/product_brand?post=48624"},{"taxonomy":"product_cat","embeddable":true,"href":"https:\/\/cigarquality.com\/ja\/wp-json\/wp\/v2\/product_cat?post=48624"},{"taxonomy":"product_tag","embeddable":true,"href":"https:\/\/cigarquality.com\/ja\/wp-json\/wp\/v2\/product_tag?post=48624"}],"curies":[{"name":"wp","href":"https:\/\/api.w.org\/{rel}","templated":true}]}}