{"id":48512,"date":"2018-03-29T10:29:59","date_gmt":"2018-03-29T09:29:59","guid":{"rendered":"https:\/\/mkulcarx.preview.infomaniak.website\/produit\/gilbert-revolution-style-belicolissimo\/"},"modified":"2025-07-25T13:21:47","modified_gmt":"2025-07-25T11:21:47","slug":"gilbert-de-montsalvat-revolution-style-belicolissimo","status":"publish","type":"product","link":"https:\/\/cigarquality.com\/ja\/boutique\/cigares-dominicains\/gilbert-de-montsalvat\/gilbert-de-montsalvat-revolution-style\/gilbert-de-montsalvat-revolution-style-belicolissimo\/","title":{"rendered":"Gilbert de Montsalvat Revolution Style Belicolissimo (10)"},"content":{"rendered":"<p>Le Gilbert de Montsalvat Revolution Style Belicolissimo n&rsquo;est pas \u00e0 prendre \u00e0 la l\u00e9g\u00e8re, 1h30 sont n\u00e9cessaire \u00e0 sa d\u00e9gustation. La fum\u00e9e assez puissante, \u00e9volue dans un registre aromatique plut\u00f4t bois\u00e9 et poivr\u00e9. Une belle exp\u00e9rience.<\/p>","protected":false},"excerpt":{"rendered":"<p>\u8449\u5dfb10\u672c\u5165\u308a\u3002.<\/p>","protected":false},"featured_media":48518,"template":"","meta":{"_acf_changed":false},"product_brand":[],"product_cat":[19812,26396,26398],"product_tag":[],"class_list":{"0":"post-48512","1":"product","2":"type-product","3":"status-publish","4":"has-post-thumbnail","6":"product_cat-cigares-dominicains","7":"product_cat-gilbert-de-montsalvat","8":"product_cat-gilbert-de-montsalvat-revolution-style","9":"product_shipping_class-cigares","11":"first","12":"instock","13":"sale","14":"taxable","15":"shipping-taxable","16":"purchasable","17":"product-type-simple"},"acf":[],"_links":{"self":[{"href":"https:\/\/cigarquality.com\/ja\/wp-json\/wp\/v2\/product\/48512","targetHints":{"allow":["GET"]}}],"collection":[{"href":"https:\/\/cigarquality.com\/ja\/wp-json\/wp\/v2\/product"}],"about":[{"href":"https:\/\/cigarquality.com\/ja\/wp-json\/wp\/v2\/types\/product"}],"wp:featuredmedia":[{"embeddable":true,"href":"https:\/\/cigarquality.com\/ja\/wp-json\/wp\/v2\/media\/48518"}],"wp:attachment":[{"href":"https:\/\/cigarquality.com\/ja\/wp-json\/wp\/v2\/media?parent=48512"}],"wp:term":[{"taxonomy":"product_brand","embeddable":true,"href":"https:\/\/cigarquality.com\/ja\/wp-json\/wp\/v2\/product_brand?post=48512"},{"taxonomy":"product_cat","embeddable":true,"href":"https:\/\/cigarquality.com\/ja\/wp-json\/wp\/v2\/product_cat?post=48512"},{"taxonomy":"product_tag","embeddable":true,"href":"https:\/\/cigarquality.com\/ja\/wp-json\/wp\/v2\/product_tag?post=48512"}],"curies":[{"name":"wp","href":"https:\/\/api.w.org\/{rel}","templated":true}]}}