{"id":48403,"date":"2018-03-29T10:30:07","date_gmt":"2018-03-29T09:30:07","guid":{"rendered":"https:\/\/mkulcarx.preview.infomaniak.website\/produit\/alec-bradley-black-market-torpedo\/"},"modified":"2023-08-31T13:37:29","modified_gmt":"2023-08-31T12:37:29","slug":"alec-bradley-black-market-torpedo","status":"publish","type":"product","link":"https:\/\/cigarquality.com\/ja\/boutique\/cigares-honduriens\/alec-bradley-cigares-honduriens\/alec-bradley-black-market\/alec-bradley-black-market-torpedo\/","title":{"rendered":"\u30a2\u30ec\u30c3\u30af\u30fb\u30d6\u30e9\u30c3\u30c9\u30ea\u30fc\u30fb\u30d6\u30e9\u30c3\u30af\u30de\u30fc\u30b1\u30c3\u30c8\u30fb\u30c8\u30eb\u30d4\u30fc\u30c9 (22)"},"content":{"rendered":"<p>Avec un diam\u00e8tre de 21.25 mm (ring 54) et une longueur de 155.4 mm, le <strong>Alec Bradley Black Market Torpedo<\/strong> est imposant. Un tirage ais\u00e9 laisse passer de grande volutes de fum\u00e9e. Le cr\u00e9meux associ\u00e9 aux fruits \u00e0 coque s&rsquo;impose au long de la d\u00e9gustation. La puissance n&rsquo;est pas envahissante, une l\u00e9g\u00e8re tendance terreuse se d\u00e9veloppe lors du troisi\u00e8me tiers. Un cigare id\u00e9al pour conclure un repas.<\/p>","protected":false},"excerpt":{"rendered":"<p>22\u672c\u5165\u308a\u3002.<\/p>","protected":false},"featured_media":34194,"template":"","meta":{"_acf_changed":false},"product_brand":[],"product_cat":[29306,34485,19809,24947],"product_tag":[],"class_list":{"0":"post-48403","1":"product","2":"type-product","3":"status-publish","4":"has-post-thumbnail","6":"product_cat-alec-bradley-cigares-honduriens","7":"product_cat-alec-bradley-black-market","8":"product_cat-cigares","9":"product_cat-cigares-honduriens","10":"product_shipping_class-class1","12":"first","13":"outofstock","14":"sale","15":"purchasable","16":"product-type-simple"},"acf":[],"_links":{"self":[{"href":"https:\/\/cigarquality.com\/ja\/wp-json\/wp\/v2\/product\/48403","targetHints":{"allow":["GET"]}}],"collection":[{"href":"https:\/\/cigarquality.com\/ja\/wp-json\/wp\/v2\/product"}],"about":[{"href":"https:\/\/cigarquality.com\/ja\/wp-json\/wp\/v2\/types\/product"}],"wp:featuredmedia":[{"embeddable":true,"href":"https:\/\/cigarquality.com\/ja\/wp-json\/wp\/v2\/media\/34194"}],"wp:attachment":[{"href":"https:\/\/cigarquality.com\/ja\/wp-json\/wp\/v2\/media?parent=48403"}],"wp:term":[{"taxonomy":"product_brand","embeddable":true,"href":"https:\/\/cigarquality.com\/ja\/wp-json\/wp\/v2\/product_brand?post=48403"},{"taxonomy":"product_cat","embeddable":true,"href":"https:\/\/cigarquality.com\/ja\/wp-json\/wp\/v2\/product_cat?post=48403"},{"taxonomy":"product_tag","embeddable":true,"href":"https:\/\/cigarquality.com\/ja\/wp-json\/wp\/v2\/product_tag?post=48403"}],"curies":[{"name":"wp","href":"https:\/\/api.w.org\/{rel}","templated":true}]}}