{"id":48383,"date":"2018-03-29T10:30:07","date_gmt":"2018-03-29T09:30:07","guid":{"rendered":"https:\/\/mkulcarx.preview.infomaniak.website\/produit\/alec-bradley-black-market-robusto\/"},"modified":"2023-08-31T13:37:21","modified_gmt":"2023-08-31T12:37:21","slug":"alec-bradley-black-market-robusto","status":"publish","type":"product","link":"https:\/\/cigarquality.com\/ja\/boutique\/cigares-honduriens\/alec-bradley-cigares-honduriens\/alec-bradley-black-market\/alec-bradley-black-market-robusto\/","title":{"rendered":"\u30a2\u30ec\u30c3\u30af\u30fb\u30d6\u30e9\u30c3\u30c9\u30ea\u30fc\u30fb\u30d6\u30e9\u30c3\u30af\u30de\u30fc\u30b1\u30c3\u30c8\u30fb\u30ed\u30d6\u30b9\u30c8 (22)"},"content":{"rendered":"<p>Une cape riche et grasse, le Alec Bradley Black Market Robusto lib\u00e8re \u00e0 cru des ar\u00f4mes chocolat\u00e9s. Les premi\u00e8res bouff\u00e9es, relativement douces, caressent le palais. Les notes chocolat\u00e9es laissent place d\u00e8s la fin du premier tiers au caf\u00e9 l\u00e9g\u00e8rement poivr\u00e9. Le final n&rsquo;est pas envahissant et les ar\u00f4mes se confirment avec un peu plus de puissance.<\/p>","protected":false},"excerpt":{"rendered":"<p>22\u672c\u5165\u308a\u3002.<\/p>","protected":false},"featured_media":34187,"template":"","meta":{"_acf_changed":false},"product_brand":[],"product_cat":[29306,34485,19809,24947],"product_tag":[],"class_list":{"0":"post-48383","1":"product","2":"type-product","3":"status-publish","4":"has-post-thumbnail","6":"product_cat-alec-bradley-cigares-honduriens","7":"product_cat-alec-bradley-black-market","8":"product_cat-cigares","9":"product_cat-cigares-honduriens","10":"product_shipping_class-class1","12":"first","13":"outofstock","14":"sale","15":"purchasable","16":"product-type-simple"},"acf":[],"_links":{"self":[{"href":"https:\/\/cigarquality.com\/ja\/wp-json\/wp\/v2\/product\/48383","targetHints":{"allow":["GET"]}}],"collection":[{"href":"https:\/\/cigarquality.com\/ja\/wp-json\/wp\/v2\/product"}],"about":[{"href":"https:\/\/cigarquality.com\/ja\/wp-json\/wp\/v2\/types\/product"}],"wp:featuredmedia":[{"embeddable":true,"href":"https:\/\/cigarquality.com\/ja\/wp-json\/wp\/v2\/media\/34187"}],"wp:attachment":[{"href":"https:\/\/cigarquality.com\/ja\/wp-json\/wp\/v2\/media?parent=48383"}],"wp:term":[{"taxonomy":"product_brand","embeddable":true,"href":"https:\/\/cigarquality.com\/ja\/wp-json\/wp\/v2\/product_brand?post=48383"},{"taxonomy":"product_cat","embeddable":true,"href":"https:\/\/cigarquality.com\/ja\/wp-json\/wp\/v2\/product_cat?post=48383"},{"taxonomy":"product_tag","embeddable":true,"href":"https:\/\/cigarquality.com\/ja\/wp-json\/wp\/v2\/product_tag?post=48383"}],"curies":[{"name":"wp","href":"https:\/\/api.w.org\/{rel}","templated":true}]}}