{"id":48271,"date":"2018-03-29T10:30:15","date_gmt":"2018-03-29T09:30:15","guid":{"rendered":"https:\/\/mkulcarx.preview.infomaniak.website\/produit\/alec-bradley-texas-lancero\/"},"modified":"2026-02-14T14:51:08","modified_gmt":"2026-02-14T13:51:08","slug":"alec-bradley-texas-lancero","status":"publish","type":"product","link":"https:\/\/cigarquality.com\/ja\/boutique\/cigares-honduriens\/alec-bradley-cigares-honduriens\/alec-bradley-texas-lancero\/alec-bradley-texas-lancero\/","title":{"rendered":"\u30a2\u30ec\u30c3\u30af\u30fb\u30d6\u30e9\u30c3\u30c9\u30ea\u30fc \u30c6\u30ad\u30b5\u30b9\u30fb\u30e9\u30f3\u30bb\u30ed (10)"},"content":{"rendered":"<p>\u8449\u5dfb <strong>\u30a2\u30ec\u30c3\u30af\u30fb\u30d6\u30e9\u30c3\u30c9\u30ea\u30fc \u30c6\u30ad\u30b5\u30b9\u30fb\u30e9\u30f3\u30bb\u30ed<\/strong> est un module vraiment imposant aux dimensions de 178 mm de longueur avec un large cepo de 70 (27.55 mm de diam\u00e8tre), bref une pi\u00e8ce qui demande du temps ! Habill\u00e9 d&rsquo;une belle feuille de cape du Nicaragua, sous-cape d&rsquo;Indon\u00e9sie et une tripe compos\u00e9e d&rsquo;un m\u00e9lange de tabacs du Costa-Rica, Honduras et du Nicaragua.<\/p>\n<p>Le cigare d\u00e9livre un gros volume de fum\u00e9e bien aromatique, le tout cadenc\u00e9 par une puissance moyenne. Le cigare <strong>\u30a2\u30ec\u30c3\u30af\u30fb\u30d6\u30e9\u30c3\u30c9\u30ea\u30fc \u30c6\u30ad\u30b5\u30b9\u30fb\u30e9\u30f3\u30bb\u30ed<\/strong> sera parfait pour vos soir\u00e9es barbecue de l&rsquo;\u00e9t\u00e9 !<\/p>","protected":false},"excerpt":{"rendered":"<p>\u8449\u5dfb10\u672c\u5165\u308a\u3002.<\/p>","protected":false},"featured_media":34370,"template":"","meta":{"_acf_changed":false},"product_brand":[],"product_cat":[29306,34545,19809,24947],"product_tag":[],"class_list":{"0":"post-48271","1":"product","2":"type-product","3":"status-publish","4":"has-post-thumbnail","6":"product_cat-alec-bradley-cigares-honduriens","7":"product_cat-alec-bradley-texas-lancero","8":"product_cat-cigares","9":"product_cat-cigares-honduriens","10":"product_shipping_class-cigares","12":"first","13":"instock","14":"taxable","15":"shipping-taxable","16":"purchasable","17":"product-type-simple"},"acf":[],"_links":{"self":[{"href":"https:\/\/cigarquality.com\/ja\/wp-json\/wp\/v2\/product\/48271","targetHints":{"allow":["GET"]}}],"collection":[{"href":"https:\/\/cigarquality.com\/ja\/wp-json\/wp\/v2\/product"}],"about":[{"href":"https:\/\/cigarquality.com\/ja\/wp-json\/wp\/v2\/types\/product"}],"wp:featuredmedia":[{"embeddable":true,"href":"https:\/\/cigarquality.com\/ja\/wp-json\/wp\/v2\/media\/34370"}],"wp:attachment":[{"href":"https:\/\/cigarquality.com\/ja\/wp-json\/wp\/v2\/media?parent=48271"}],"wp:term":[{"taxonomy":"product_brand","embeddable":true,"href":"https:\/\/cigarquality.com\/ja\/wp-json\/wp\/v2\/product_brand?post=48271"},{"taxonomy":"product_cat","embeddable":true,"href":"https:\/\/cigarquality.com\/ja\/wp-json\/wp\/v2\/product_cat?post=48271"},{"taxonomy":"product_tag","embeddable":true,"href":"https:\/\/cigarquality.com\/ja\/wp-json\/wp\/v2\/product_tag?post=48271"}],"curies":[{"name":"wp","href":"https:\/\/api.w.org\/{rel}","templated":true}]}}