{"id":48245,"date":"2018-03-29T10:30:23","date_gmt":"2018-03-29T09:30:23","guid":{"rendered":"https:\/\/mkulcarx.preview.infomaniak.website\/produit\/flor-de-selva-fino-semanario\/"},"modified":"2025-10-06T13:58:35","modified_gmt":"2025-10-06T11:58:35","slug":"flor-de-selva-fino-semanario","status":"publish","type":"product","link":"https:\/\/cigarquality.com\/ja\/boutique\/cigares-honduriens\/flor-de-selva\/flor-de-selva-fino-semanario\/","title":{"rendered":"\u30d5\u30ed\u30fc\u30eb\u30fb\u30c7\u30fb\u30bb\u30eb\u30d0\u30fb\u30d5\u30a3\u30ce\u30fb\u30bb\u30de\u30ca\u30ea\u30aa (7)"},"content":{"rendered":"<p>Le Flor de Selva Fino Semanario est de la taille d\u2019un grand Corona et est correctement cap\u00e9. Il d\u00e9livre \u00e0 l\u2019allumage, des senteurs bois\u00e9es plut\u00f4t agr\u00e9ables. La seconde partie offre quelques ar\u00f4mes plus \u00e9pic\u00e9s.<\/p>","protected":false},"excerpt":{"rendered":"<p>\u8449\u5dfb7\u672c\u5165\u308a\u3002.<\/p>","protected":false},"featured_media":264938,"template":"","meta":{"_acf_changed":false},"product_brand":[],"product_cat":[19809,24947,27286],"product_tag":[],"class_list":{"0":"post-48245","1":"product","2":"type-product","3":"status-publish","4":"has-post-thumbnail","6":"product_cat-cigares","7":"product_cat-cigares-honduriens","8":"product_cat-flor-de-selva","9":"product_shipping_class-cigares","11":"first","12":"instock","13":"taxable","14":"shipping-taxable","15":"purchasable","16":"product-type-simple"},"acf":[],"_links":{"self":[{"href":"https:\/\/cigarquality.com\/ja\/wp-json\/wp\/v2\/product\/48245","targetHints":{"allow":["GET"]}}],"collection":[{"href":"https:\/\/cigarquality.com\/ja\/wp-json\/wp\/v2\/product"}],"about":[{"href":"https:\/\/cigarquality.com\/ja\/wp-json\/wp\/v2\/types\/product"}],"wp:featuredmedia":[{"embeddable":true,"href":"https:\/\/cigarquality.com\/ja\/wp-json\/wp\/v2\/media\/264938"}],"wp:attachment":[{"href":"https:\/\/cigarquality.com\/ja\/wp-json\/wp\/v2\/media?parent=48245"}],"wp:term":[{"taxonomy":"product_brand","embeddable":true,"href":"https:\/\/cigarquality.com\/ja\/wp-json\/wp\/v2\/product_brand?post=48245"},{"taxonomy":"product_cat","embeddable":true,"href":"https:\/\/cigarquality.com\/ja\/wp-json\/wp\/v2\/product_cat?post=48245"},{"taxonomy":"product_tag","embeddable":true,"href":"https:\/\/cigarquality.com\/ja\/wp-json\/wp\/v2\/product_tag?post=48245"}],"curies":[{"name":"wp","href":"https:\/\/api.w.org\/{rel}","templated":true}]}}