{"id":48241,"date":"2018-03-29T10:30:23","date_gmt":"2018-03-29T09:30:23","guid":{"rendered":"https:\/\/mkulcarx.preview.infomaniak.website\/produit\/flor-de-selva-churchill\/"},"modified":"2025-10-06T13:58:07","modified_gmt":"2025-10-06T11:58:07","slug":"flor-de-selva-churchill","status":"publish","type":"product","link":"https:\/\/cigarquality.com\/ja\/boutique\/cigares-honduriens\/flor-de-selva\/flor-de-selva-churchill\/","title":{"rendered":"Flor de Selva Churchill (25)"},"content":{"rendered":"<p>Le Flor de Selva Churchill est une vitole de belle construction qui d\u00e9montre la parfaite ma\u00eetrise des torcedors oeuvrant pour Flor de Selva. La vitole s&#8217;embrasse facilement, les ar\u00f4mes herbac\u00e9s sont reconnaissables entre tous, partant du foin coup\u00e9 et glissant presque naturellement vers l&rsquo;humus et le sous-bois.<\/p>","protected":false},"excerpt":{"rendered":"<p>\u8449\u5dfb25\u672c\u5165\u308a\u3002.<\/p>","protected":false},"featured_media":265429,"template":"","meta":{"_acf_changed":false},"product_brand":[],"product_cat":[19809,24947,27286],"product_tag":[],"class_list":{"0":"post-48241","1":"product","2":"type-product","3":"status-publish","4":"has-post-thumbnail","6":"product_cat-cigares","7":"product_cat-cigares-honduriens","8":"product_cat-flor-de-selva","9":"product_shipping_class-cigares","11":"first","12":"instock","13":"sale","14":"taxable","15":"shipping-taxable","16":"purchasable","17":"product-type-simple"},"acf":[],"_links":{"self":[{"href":"https:\/\/cigarquality.com\/ja\/wp-json\/wp\/v2\/product\/48241","targetHints":{"allow":["GET"]}}],"collection":[{"href":"https:\/\/cigarquality.com\/ja\/wp-json\/wp\/v2\/product"}],"about":[{"href":"https:\/\/cigarquality.com\/ja\/wp-json\/wp\/v2\/types\/product"}],"wp:featuredmedia":[{"embeddable":true,"href":"https:\/\/cigarquality.com\/ja\/wp-json\/wp\/v2\/media\/265429"}],"wp:attachment":[{"href":"https:\/\/cigarquality.com\/ja\/wp-json\/wp\/v2\/media?parent=48241"}],"wp:term":[{"taxonomy":"product_brand","embeddable":true,"href":"https:\/\/cigarquality.com\/ja\/wp-json\/wp\/v2\/product_brand?post=48241"},{"taxonomy":"product_cat","embeddable":true,"href":"https:\/\/cigarquality.com\/ja\/wp-json\/wp\/v2\/product_cat?post=48241"},{"taxonomy":"product_tag","embeddable":true,"href":"https:\/\/cigarquality.com\/ja\/wp-json\/wp\/v2\/product_tag?post=48241"}],"curies":[{"name":"wp","href":"https:\/\/api.w.org\/{rel}","templated":true}]}}