{"id":48239,"date":"2018-03-29T10:30:23","date_gmt":"2018-03-29T09:30:23","guid":{"rendered":"https:\/\/mkulcarx.preview.infomaniak.website\/produit\/flor-de-selva-doble-corona\/"},"modified":"2025-10-06T13:57:59","modified_gmt":"2025-10-06T11:57:59","slug":"flor-de-selva-doble-corona","status":"publish","type":"product","link":"https:\/\/cigarquality.com\/ja\/boutique\/cigares-honduriens\/flor-de-selva\/flor-de-selva-doble-corona\/","title":{"rendered":"\u30d5\u30ed\u30fc\u30eb\u30fb\u30c7\u30fb\u30bb\u30eb\u30d0 \u30c9\u30d6\u30ec\u30fb\u30b3\u30ed\u30ca (25)"},"content":{"rendered":"<p>Le Flor de Selva Doble Corona est une magnifique vitole, imposante \u00e0 la cape claire qui &lsquo;ouvre \u00e0 cru sur des notes de foin et de lichen, l\u00e9ger et souple. Le Double Corona pr\u00e9sente un tirage sans reproche et s&rsquo;\u00e9panouit sur un fond \u00e9pic\u00e9 de poivre noir. La d\u00e9gustation s&rsquo;intensifie et confirme la parfaite qualit\u00e9 de l&rsquo;ensemble.<\/p>","protected":false},"excerpt":{"rendered":"<p>\u8449\u5dfb25\u672c\u5165\u308a\u3002.<\/p>","protected":false},"featured_media":265499,"template":"","meta":{"_acf_changed":false},"product_brand":[],"product_cat":[19809,24947,27286],"product_tag":[],"class_list":{"0":"post-48239","1":"product","2":"type-product","3":"status-publish","4":"has-post-thumbnail","6":"product_cat-cigares","7":"product_cat-cigares-honduriens","8":"product_cat-flor-de-selva","9":"product_shipping_class-cigares","11":"first","12":"instock","13":"sale","14":"taxable","15":"shipping-taxable","16":"purchasable","17":"product-type-simple"},"acf":[],"_links":{"self":[{"href":"https:\/\/cigarquality.com\/ja\/wp-json\/wp\/v2\/product\/48239","targetHints":{"allow":["GET"]}}],"collection":[{"href":"https:\/\/cigarquality.com\/ja\/wp-json\/wp\/v2\/product"}],"about":[{"href":"https:\/\/cigarquality.com\/ja\/wp-json\/wp\/v2\/types\/product"}],"wp:featuredmedia":[{"embeddable":true,"href":"https:\/\/cigarquality.com\/ja\/wp-json\/wp\/v2\/media\/265499"}],"wp:attachment":[{"href":"https:\/\/cigarquality.com\/ja\/wp-json\/wp\/v2\/media?parent=48239"}],"wp:term":[{"taxonomy":"product_brand","embeddable":true,"href":"https:\/\/cigarquality.com\/ja\/wp-json\/wp\/v2\/product_brand?post=48239"},{"taxonomy":"product_cat","embeddable":true,"href":"https:\/\/cigarquality.com\/ja\/wp-json\/wp\/v2\/product_cat?post=48239"},{"taxonomy":"product_tag","embeddable":true,"href":"https:\/\/cigarquality.com\/ja\/wp-json\/wp\/v2\/product_tag?post=48239"}],"curies":[{"name":"wp","href":"https:\/\/api.w.org\/{rel}","templated":true}]}}