{"id":48237,"date":"2018-03-29T10:30:23","date_gmt":"2018-03-29T09:30:23","guid":{"rendered":"https:\/\/mkulcarx.preview.infomaniak.website\/produit\/flor-de-selva-robusto\/"},"modified":"2025-10-16T10:27:43","modified_gmt":"2025-10-16T08:27:43","slug":"flor-de-selva-robusto","status":"publish","type":"product","link":"https:\/\/cigarquality.com\/ja\/boutique\/cigares-honduriens\/flor-de-selva\/flor-de-selva-robusto\/","title":{"rendered":"\u30d5\u30ed\u30fc\u30eb\u30fb\u30c7\u30fb\u30bb\u30eb\u30d0\u30fb\u30ed\u30d6\u30b9\u30c8 (25)"},"content":{"rendered":"<p>Le Flor de Selva est un Robusto de qualit\u00e9, rond et puissant qui affirme avec assurance ses ar\u00f4mes de r\u00e9sine, de bois pr\u00e9cieux, puis de poivres noir et vert. La d\u00e9gustation \u00e9volue vers des notes plus sucr\u00e9es de r\u00e9glisse. Le mariage est terriblement harmonieux et bien balanc\u00e9. La deuxi\u00e8me partie confirme des capacit\u00e9s exemplaires avec une puissance encore ascendante. <strong>Un cigare plein de finesse et de subtilit\u00e9 dans ses ar\u00f4mes.<\/strong><\/p>","protected":false},"excerpt":{"rendered":"<p>\u8449\u5dfb25\u672c\u5165\u308a\u3002.<\/p>","protected":false},"featured_media":56253,"template":"","meta":{"_acf_changed":false},"product_brand":[],"product_cat":[19809,24947,27286],"product_tag":[2878,1841,10580,2354,10579],"class_list":{"0":"post-48237","1":"product","2":"type-product","3":"status-publish","4":"has-post-thumbnail","6":"product_cat-cigares","7":"product_cat-cigares-honduriens","8":"product_cat-flor-de-selva","9":"product_tag-bois-precieux","10":"product_tag-poivre-noir","11":"product_tag-poivre-vert","12":"product_tag-reglisse","13":"product_tag-resine","14":"product_shipping_class-cigares","16":"first","17":"instock","18":"sale","19":"taxable","20":"shipping-taxable","21":"purchasable","22":"product-type-simple"},"acf":[],"_links":{"self":[{"href":"https:\/\/cigarquality.com\/ja\/wp-json\/wp\/v2\/product\/48237","targetHints":{"allow":["GET"]}}],"collection":[{"href":"https:\/\/cigarquality.com\/ja\/wp-json\/wp\/v2\/product"}],"about":[{"href":"https:\/\/cigarquality.com\/ja\/wp-json\/wp\/v2\/types\/product"}],"wp:featuredmedia":[{"embeddable":true,"href":"https:\/\/cigarquality.com\/ja\/wp-json\/wp\/v2\/media\/56253"}],"wp:attachment":[{"href":"https:\/\/cigarquality.com\/ja\/wp-json\/wp\/v2\/media?parent=48237"}],"wp:term":[{"taxonomy":"product_brand","embeddable":true,"href":"https:\/\/cigarquality.com\/ja\/wp-json\/wp\/v2\/product_brand?post=48237"},{"taxonomy":"product_cat","embeddable":true,"href":"https:\/\/cigarquality.com\/ja\/wp-json\/wp\/v2\/product_cat?post=48237"},{"taxonomy":"product_tag","embeddable":true,"href":"https:\/\/cigarquality.com\/ja\/wp-json\/wp\/v2\/product_tag?post=48237"}],"curies":[{"name":"wp","href":"https:\/\/api.w.org\/{rel}","templated":true}]}}