{"id":48115,"date":"2018-03-29T10:30:38","date_gmt":"2018-03-29T09:30:38","guid":{"rendered":"https:\/\/mkulcarx.preview.infomaniak.website\/produit\/villa-zamorano-expreso\/"},"modified":"2026-04-15T10:29:54","modified_gmt":"2026-04-15T08:29:54","slug":"villa-zamorano-expreso-15","status":"publish","type":"product","link":"https:\/\/cigarquality.com\/ja\/boutique\/cigares-honduriens\/villa-zamorano\/villa-zamorano-expreso-15\/","title":{"rendered":"\u30d3\u30b8\u30e3\u30fb\u30b5\u30e2\u30e9\u30fc\u30ce\u30fb\u30a8\u30af\u30b9\u30d7\u30ec\u30c3\u30bd (15)"},"content":{"rendered":"<p>Petit et trapu, <strong>le cigare Villa Zamorano Expreso se pr\u00e9sente bien.<\/strong> La cape bien tendue est peu nervur\u00e9e. <strong>Le diam\u00e8tre cons\u00e9quent de 20.6 mm<\/strong> offre une bonne prise en main. Le volume de fum\u00e9e relativement important offre des notes assez \u00e9pic\u00e9es. Un module agr\u00e9able dans cette gamme de prix.<\/p>","protected":false},"excerpt":{"rendered":"<p>15\u672c\u5165\u308a\u3002.<\/p>","protected":false},"featured_media":48117,"template":"","meta":{"_acf_changed":false},"product_brand":[],"product_cat":[19809,24947,32100],"product_tag":[],"class_list":{"0":"post-48115","1":"product","2":"type-product","3":"status-publish","4":"has-post-thumbnail","6":"product_cat-cigares","7":"product_cat-cigares-honduriens","8":"product_cat-villa-zamorano","9":"product_shipping_class-cigares","11":"first","12":"instock","13":"sale","14":"taxable","15":"shipping-taxable","16":"purchasable","17":"product-type-simple"},"acf":[],"_links":{"self":[{"href":"https:\/\/cigarquality.com\/ja\/wp-json\/wp\/v2\/product\/48115","targetHints":{"allow":["GET"]}}],"collection":[{"href":"https:\/\/cigarquality.com\/ja\/wp-json\/wp\/v2\/product"}],"about":[{"href":"https:\/\/cigarquality.com\/ja\/wp-json\/wp\/v2\/types\/product"}],"wp:featuredmedia":[{"embeddable":true,"href":"https:\/\/cigarquality.com\/ja\/wp-json\/wp\/v2\/media\/48117"}],"wp:attachment":[{"href":"https:\/\/cigarquality.com\/ja\/wp-json\/wp\/v2\/media?parent=48115"}],"wp:term":[{"taxonomy":"product_brand","embeddable":true,"href":"https:\/\/cigarquality.com\/ja\/wp-json\/wp\/v2\/product_brand?post=48115"},{"taxonomy":"product_cat","embeddable":true,"href":"https:\/\/cigarquality.com\/ja\/wp-json\/wp\/v2\/product_cat?post=48115"},{"taxonomy":"product_tag","embeddable":true,"href":"https:\/\/cigarquality.com\/ja\/wp-json\/wp\/v2\/product_tag?post=48115"}],"curies":[{"name":"wp","href":"https:\/\/api.w.org\/{rel}","templated":true}]}}