{"id":47863,"date":"2018-03-29T10:31:16","date_gmt":"2018-03-29T09:31:16","guid":{"rendered":"https:\/\/mkulcarx.preview.infomaniak.website\/produit\/plasencia-reserva-organica-cortes\/"},"modified":"2026-04-03T17:51:06","modified_gmt":"2026-04-03T15:51:06","slug":"plasencia-reserva-organica-cortes","status":"publish","type":"product","link":"https:\/\/cigarquality.com\/ja\/boutique\/cigares-nicaraguayens\/plasencia\/plasencia-reserva-organica-cortes\/","title":{"rendered":"Plasencia Reserva Original Cortes (10)"},"content":{"rendered":"<p>Le cigare Plasencia Reserva Original Cortes est fabriqu\u00e9 exclusivement avec des tabacs des fermes certifi\u00e9es OCIA de la famille Plasencia au Nicaragua, o\u00f9 le tabac est cultiv\u00e9 uniquement avec les composants d&rsquo;un sol fertile, d&rsquo;eau, d&rsquo;air et de soleil. Leur caract\u00e8re propre et leurs ar\u00f4mes incomparables garantissent au connaisseur une exp\u00e9rience unique et noble, \u00e0 savoir retracer l&rsquo;ar\u00f4me du tabac de l&rsquo;\u00e9poque des grands explorateurs. Les cigares de Nestor Plasencia contiennent un m\u00e9lange de tabac exclusivement nicaraguayen et sont donc appel\u00e9s Puros. La saveur de force moyenne est soulign\u00e9e par des ar\u00f4mes de bois de c\u00e8dre, de chocolat noir et de noix.<\/p>","protected":false},"excerpt":{"rendered":"<p>\u8449\u5dfb10\u672c\u5165\u308a\u3002.<\/p>","protected":false},"featured_media":51161,"template":"","meta":{"_acf_changed":false},"product_brand":[],"product_cat":[19809,24833,31905],"product_tag":[],"class_list":{"0":"post-47863","1":"product","2":"type-product","3":"status-publish","4":"has-post-thumbnail","6":"product_cat-cigares","7":"product_cat-cigares-nicaraguayens","8":"product_cat-plasencia","9":"product_shipping_class-cigares","11":"first","12":"instock","13":"sale","14":"taxable","15":"shipping-taxable","16":"purchasable","17":"product-type-simple"},"acf":[],"_links":{"self":[{"href":"https:\/\/cigarquality.com\/ja\/wp-json\/wp\/v2\/product\/47863","targetHints":{"allow":["GET"]}}],"collection":[{"href":"https:\/\/cigarquality.com\/ja\/wp-json\/wp\/v2\/product"}],"about":[{"href":"https:\/\/cigarquality.com\/ja\/wp-json\/wp\/v2\/types\/product"}],"wp:featuredmedia":[{"embeddable":true,"href":"https:\/\/cigarquality.com\/ja\/wp-json\/wp\/v2\/media\/51161"}],"wp:attachment":[{"href":"https:\/\/cigarquality.com\/ja\/wp-json\/wp\/v2\/media?parent=47863"}],"wp:term":[{"taxonomy":"product_brand","embeddable":true,"href":"https:\/\/cigarquality.com\/ja\/wp-json\/wp\/v2\/product_brand?post=47863"},{"taxonomy":"product_cat","embeddable":true,"href":"https:\/\/cigarquality.com\/ja\/wp-json\/wp\/v2\/product_cat?post=47863"},{"taxonomy":"product_tag","embeddable":true,"href":"https:\/\/cigarquality.com\/ja\/wp-json\/wp\/v2\/product_tag?post=47863"}],"curies":[{"name":"wp","href":"https:\/\/api.w.org\/{rel}","templated":true}]}}