{"id":47671,"date":"2018-03-29T11:31:47","date_gmt":"2018-03-29T09:31:47","guid":{"rendered":"https:\/\/mkulcarx.preview.infomaniak.website\/produit\/l-granu\/"},"modified":"2025-07-25T13:54:20","modified_gmt":"2025-07-25T11:54:20","slug":"la-flor-dominicana-l-granu","status":"publish","type":"product","link":"https:\/\/cigarquality.com\/ja\/boutique\/cigares-dominicains\/la-flor-dominicana\/la-flor-dominicana-ligero\/la-flor-dominicana-l-granu\/","title":{"rendered":"\u30e9\u30fb\u30d5\u30ed\u30fc\u30eb\u30fb\u30c9\u30df\u30cb\u30ab\u30fc\u30ca L-\u30b0\u30e9\u30cb\u30e5\u30fc (100)"},"content":{"rendered":"<p>Le cigare La Flor Dominicana Ligero L-Gran\u00fa est encore un magnifique module issu de la fabrique La Canela g\u00e9r\u00e9e par Lito Gomez.<br \/>\n<strong>Le cigare La Flor Dominicana L-Granu est le plus gros cigare confectionn\u00e9 au sein de la fabrique.<\/strong> Module de type Grand Toro avec un large cepo de 64 pour une longueur de 154 mm, le LFD Ligero L-Gran\u00fa est une tr\u00e8s belle pi\u00e8ce habill\u00e9e dans une tr\u00e8s belle feuille de cape originaire d&rsquo;Equateur.<br \/>\nMise en route facile, cigare tr\u00e8s bien roul\u00e9 qui offre un volume de fum\u00e9e important et pour lequel il faudra pr\u00e9voir du temps pour le d\u00e9guster La cendre est bien blanche et compacte et les ar\u00f4mes sont riches et gourmands.<\/p>\n<p><strong>Particularit\u00e9 originale, le cigare est log\u00e9 dans une boite en c\u00e8dre de 100 pi\u00e8ces.<\/strong><\/p>","protected":false},"excerpt":{"rendered":"<p>100\u672c\u5165\u308a\u3002.<\/p>","protected":false},"featured_media":47675,"template":"","meta":{"_acf_changed":false},"product_brand":[],"product_cat":[19809,19812,25265,31656],"product_tag":[],"class_list":{"0":"post-47671","1":"product","2":"type-product","3":"status-publish","4":"has-post-thumbnail","6":"product_cat-cigares","7":"product_cat-cigares-dominicains","8":"product_cat-la-flor-dominicana","9":"product_cat-la-flor-dominicana-ligero","10":"product_shipping_class-cigares","12":"first","13":"instock","14":"sale","15":"taxable","16":"shipping-taxable","17":"purchasable","18":"product-type-simple"},"acf":[],"_links":{"self":[{"href":"https:\/\/cigarquality.com\/ja\/wp-json\/wp\/v2\/product\/47671","targetHints":{"allow":["GET"]}}],"collection":[{"href":"https:\/\/cigarquality.com\/ja\/wp-json\/wp\/v2\/product"}],"about":[{"href":"https:\/\/cigarquality.com\/ja\/wp-json\/wp\/v2\/types\/product"}],"wp:featuredmedia":[{"embeddable":true,"href":"https:\/\/cigarquality.com\/ja\/wp-json\/wp\/v2\/media\/47675"}],"wp:attachment":[{"href":"https:\/\/cigarquality.com\/ja\/wp-json\/wp\/v2\/media?parent=47671"}],"wp:term":[{"taxonomy":"product_brand","embeddable":true,"href":"https:\/\/cigarquality.com\/ja\/wp-json\/wp\/v2\/product_brand?post=47671"},{"taxonomy":"product_cat","embeddable":true,"href":"https:\/\/cigarquality.com\/ja\/wp-json\/wp\/v2\/product_cat?post=47671"},{"taxonomy":"product_tag","embeddable":true,"href":"https:\/\/cigarquality.com\/ja\/wp-json\/wp\/v2\/product_tag?post=47671"}],"curies":[{"name":"wp","href":"https:\/\/api.w.org\/{rel}","templated":true}]}}