{"id":47445,"date":"2018-03-29T11:32:17","date_gmt":"2018-03-29T09:32:17","guid":{"rendered":"https:\/\/mkulcarx.preview.infomaniak.website\/produit\/canonazo\/"},"modified":"2026-03-25T11:22:07","modified_gmt":"2026-03-25T10:22:07","slug":"canonazo","status":"publish","type":"product","link":"https:\/\/cigarquality.com\/ja\/boutique\/cigares-nicaraguayens\/la-ley\/canonazo\/","title":{"rendered":"La Ley Ca\u00f1onazo (21)"},"content":{"rendered":"<p>Suite au succ\u00e8s du La Ley Robusto,<strong> le La Ley Ca\u00f1onazo est le dernier-n\u00e9<\/strong> de la marque nicaraguayennne : le Ca\u00f1onazo, cr\u00e9\u00e9 par Didier Houvenaghel. C&rsquo;est un module Gran Toro haut de gamme, bien \u00e9quilibr\u00e9, au tirage excellent &#8211; moyennement fort &#8211; avec une richesse aromatique intense. Sa cape Habano est produite dans la vall\u00e9e de Japala, sa sous-cape dans la r\u00e9gion d&rsquo;Esteli. Quant \u00e0 sa tripe, elle est faite d&rsquo;un subtil m\u00e9lange de tabacs du Nicaragua et du Honduras.<\/p>","protected":false},"excerpt":{"rendered":"<p>Bo\u00eete de 21 cigares.<\/p>","protected":false},"featured_media":267742,"template":"","meta":{"_acf_changed":false},"product_brand":[],"product_cat":[19809,24833,31350],"product_tag":[],"class_list":{"0":"post-47445","1":"product","2":"type-product","3":"status-publish","4":"has-post-thumbnail","6":"product_cat-cigares","7":"product_cat-cigares-nicaraguayens","8":"product_cat-la-ley","9":"product_shipping_class-class1","11":"first","12":"outofstock","13":"taxable","14":"shipping-taxable","15":"purchasable","16":"product-type-simple"},"acf":[],"_links":{"self":[{"href":"https:\/\/cigarquality.com\/ja\/wp-json\/wp\/v2\/product\/47445","targetHints":{"allow":["GET"]}}],"collection":[{"href":"https:\/\/cigarquality.com\/ja\/wp-json\/wp\/v2\/product"}],"about":[{"href":"https:\/\/cigarquality.com\/ja\/wp-json\/wp\/v2\/types\/product"}],"wp:featuredmedia":[{"embeddable":true,"href":"https:\/\/cigarquality.com\/ja\/wp-json\/wp\/v2\/media\/267742"}],"wp:attachment":[{"href":"https:\/\/cigarquality.com\/ja\/wp-json\/wp\/v2\/media?parent=47445"}],"wp:term":[{"taxonomy":"product_brand","embeddable":true,"href":"https:\/\/cigarquality.com\/ja\/wp-json\/wp\/v2\/product_brand?post=47445"},{"taxonomy":"product_cat","embeddable":true,"href":"https:\/\/cigarquality.com\/ja\/wp-json\/wp\/v2\/product_cat?post=47445"},{"taxonomy":"product_tag","embeddable":true,"href":"https:\/\/cigarquality.com\/ja\/wp-json\/wp\/v2\/product_tag?post=47445"}],"curies":[{"name":"wp","href":"https:\/\/api.w.org\/{rel}","templated":true}]}}