{"id":47383,"date":"2018-03-29T10:32:17","date_gmt":"2018-03-29T09:32:17","guid":{"rendered":"https:\/\/mkulcarx.preview.infomaniak.website\/produit\/robusto-natural\/"},"modified":"2026-01-05T08:26:45","modified_gmt":"2026-01-05T07:26:45","slug":"robusto-natural","status":"publish","type":"product","link":"https:\/\/cigarquality.com\/ja\/boutique\/cigares-nicaraguayens\/brickhouse\/robusto-natural\/","title":{"rendered":"Brick House Classic Robusto (25)"},"content":{"rendered":"<p>Brick House est fabriqu\u00e9 par la JC Newman Cigar Company, l\u2019une des plus anciennes entreprises de cigares encore d\u00e9tenue et op\u00e9rant \u00e0 Tampa.\u00a0<strong>Le Brick House Robusto Natural<\/strong>\u00a0est un puro nicaraguayen de qualit\u00e9 sup\u00e9rieure qui comprend une cape exclusive Havana Subido cultiv\u00e9e au Nicaragua et une sous-cape nicaraguayenne cr\u00e9ant une fum\u00e9e complexe et savoureuse exceptionnelle \u00e0 un prix avantageux. Les cigares Brick House Robusto Maduro ont une fum\u00e9e moyenne \u00e0 cors\u00e9e avec un bel \u00e9quilibre d\u2019\u00e9pices, de douceur et de force.<strong> Vous aurez du mal \u00e0 trouver un cigare plus prim\u00e9 que le Brick House Robusto Natural \u00e0 ce prix !<\/strong><\/p>","protected":false},"excerpt":{"rendered":"<p>\u8449\u5dfb25\u672c\u5165\u308a\u3002.<\/p>","protected":false},"featured_media":47387,"template":"","meta":{"_acf_changed":false},"product_brand":[],"product_cat":[31282,19809,24833],"product_tag":[],"class_list":{"0":"post-47383","1":"product","2":"type-product","3":"status-publish","4":"has-post-thumbnail","6":"product_cat-brickhouse","7":"product_cat-cigares","8":"product_cat-cigares-nicaraguayens","9":"product_shipping_class-cigares","11":"first","12":"instock","13":"sale","14":"taxable","15":"shipping-taxable","16":"purchasable","17":"product-type-simple"},"acf":[],"_links":{"self":[{"href":"https:\/\/cigarquality.com\/ja\/wp-json\/wp\/v2\/product\/47383","targetHints":{"allow":["GET"]}}],"collection":[{"href":"https:\/\/cigarquality.com\/ja\/wp-json\/wp\/v2\/product"}],"about":[{"href":"https:\/\/cigarquality.com\/ja\/wp-json\/wp\/v2\/types\/product"}],"wp:featuredmedia":[{"embeddable":true,"href":"https:\/\/cigarquality.com\/ja\/wp-json\/wp\/v2\/media\/47387"}],"wp:attachment":[{"href":"https:\/\/cigarquality.com\/ja\/wp-json\/wp\/v2\/media?parent=47383"}],"wp:term":[{"taxonomy":"product_brand","embeddable":true,"href":"https:\/\/cigarquality.com\/ja\/wp-json\/wp\/v2\/product_brand?post=47383"},{"taxonomy":"product_cat","embeddable":true,"href":"https:\/\/cigarquality.com\/ja\/wp-json\/wp\/v2\/product_cat?post=47383"},{"taxonomy":"product_tag","embeddable":true,"href":"https:\/\/cigarquality.com\/ja\/wp-json\/wp\/v2\/product_tag?post=47383"}],"curies":[{"name":"wp","href":"https:\/\/api.w.org\/{rel}","templated":true}]}}