{"id":47373,"date":"2018-03-29T10:32:24","date_gmt":"2018-03-29T09:32:24","guid":{"rendered":"https:\/\/mkulcarx.preview.infomaniak.website\/produit\/classic-double-gordo\/"},"modified":"2026-04-10T09:41:38","modified_gmt":"2026-04-10T07:41:38","slug":"classic-double-gordo","status":"publish","type":"product","link":"https:\/\/cigarquality.com\/ja\/boutique\/cigares-nicaraguayens\/quorum\/classic-double-gordo\/","title":{"rendered":"\u30af\u30a9\u30fc\u30e9\u30e0 \u30af\u30e9\u30b7\u30c3\u30af \u30c0\u30d6\u30eb\u30b4\u30eb\u30c9 (10)"},"content":{"rendered":"<p>Le populaire Quorum Classic Double Gordo est litt\u00e9ralement une bouch\u00e9e de bont\u00e9 cr\u00e9meuse exceptionnelle ! Ces fum\u00e9es doivent leur saveur exceptionnellement douce au go\u00fbt de noisette \u00e0 une cape \u00e9quatorienne Sungrown et \u00e0 une sous-cape et une tripe bien assaisonn\u00e9es du Nicaragua. Qu&rsquo;ils soient sur la route ou suspendus au salon, ces cigares incroyablement abordables et tr\u00e8s savoureux sont votre compagnon id\u00e9al. Vendu par lot de 10.<\/p>","protected":false},"excerpt":{"rendered":"<p>10\u672c\u5165\u308a\u3002.<\/p>","protected":false},"featured_media":119749,"template":"","meta":{"_acf_changed":false},"product_brand":[],"product_cat":[19809,24833,31244],"product_tag":[44034],"class_list":{"0":"post-47373","1":"product","2":"type-product","3":"status-publish","4":"has-post-thumbnail","6":"product_cat-cigares","7":"product_cat-cigares-nicaraguayens","8":"product_cat-quorum","9":"product_tag-a-nouveau-disponible","10":"product_shipping_class-cigares","12":"first","13":"instock","14":"sale","15":"taxable","16":"shipping-taxable","17":"purchasable","18":"product-type-simple"},"acf":[],"_links":{"self":[{"href":"https:\/\/cigarquality.com\/ja\/wp-json\/wp\/v2\/product\/47373","targetHints":{"allow":["GET"]}}],"collection":[{"href":"https:\/\/cigarquality.com\/ja\/wp-json\/wp\/v2\/product"}],"about":[{"href":"https:\/\/cigarquality.com\/ja\/wp-json\/wp\/v2\/types\/product"}],"wp:featuredmedia":[{"embeddable":true,"href":"https:\/\/cigarquality.com\/ja\/wp-json\/wp\/v2\/media\/119749"}],"wp:attachment":[{"href":"https:\/\/cigarquality.com\/ja\/wp-json\/wp\/v2\/media?parent=47373"}],"wp:term":[{"taxonomy":"product_brand","embeddable":true,"href":"https:\/\/cigarquality.com\/ja\/wp-json\/wp\/v2\/product_brand?post=47373"},{"taxonomy":"product_cat","embeddable":true,"href":"https:\/\/cigarquality.com\/ja\/wp-json\/wp\/v2\/product_cat?post=47373"},{"taxonomy":"product_tag","embeddable":true,"href":"https:\/\/cigarquality.com\/ja\/wp-json\/wp\/v2\/product_tag?post=47373"}],"curies":[{"name":"wp","href":"https:\/\/api.w.org\/{rel}","templated":true}]}}