{"id":47285,"date":"2018-03-29T10:32:32","date_gmt":"2018-03-29T09:32:32","guid":{"rendered":"https:\/\/mkulcarx.preview.infomaniak.website\/produit\/signature-6000-cello-25-cigares\/"},"modified":"2025-07-25T13:24:26","modified_gmt":"2025-07-25T11:24:26","slug":"davidoff-signature-6000-cello-25-cigares","status":"publish","type":"product","link":"https:\/\/cigarquality.com\/ja\/boutique\/cigares-dominicains\/davidoff\/signature\/davidoff-signature-6000-cello-25-cigares\/","title":{"rendered":"\u30c0\u30d3\u30c9\u30d5\u30fb\u30b7\u30b0\u30cd\u30c1\u30e3\u30fc6000 (25)"},"content":{"rendered":"<p>Le nouveau Davidoff Signature 6000 a \u00e9t\u00e9 cr\u00e9\u00e9 sp\u00e9cifiquement pour les fumeurs qui souhaitent appr\u00e9cier un beau format doux, avec un module de plus en plus populaire, Le Robusto. Le m\u00e9lange doux et harmonieux des tabacs utilis\u00e9s pour ce cigare s\u2019inscrit dans la logique de la s\u00e9rie de Davidoff Mille.<\/p>","protected":false},"excerpt":{"rendered":"<p>\u8449\u5dfb25\u672c\u5165\u308a\u3002.<\/p>","protected":false},"featured_media":6656,"template":"","meta":{"_acf_changed":false},"product_brand":[],"product_cat":[19809,19812,19835,31175],"product_tag":[],"class_list":{"0":"post-47285","1":"product","2":"type-product","3":"status-publish","4":"has-post-thumbnail","6":"product_cat-cigares","7":"product_cat-cigares-dominicains","8":"product_cat-davidoff","9":"product_cat-signature","10":"product_shipping_class-cigares","12":"first","13":"instock","14":"sale","15":"taxable","16":"shipping-taxable","17":"purchasable","18":"product-type-simple"},"acf":[],"_links":{"self":[{"href":"https:\/\/cigarquality.com\/ja\/wp-json\/wp\/v2\/product\/47285","targetHints":{"allow":["GET"]}}],"collection":[{"href":"https:\/\/cigarquality.com\/ja\/wp-json\/wp\/v2\/product"}],"about":[{"href":"https:\/\/cigarquality.com\/ja\/wp-json\/wp\/v2\/types\/product"}],"wp:featuredmedia":[{"embeddable":true,"href":"https:\/\/cigarquality.com\/ja\/wp-json\/wp\/v2\/media\/6656"}],"wp:attachment":[{"href":"https:\/\/cigarquality.com\/ja\/wp-json\/wp\/v2\/media?parent=47285"}],"wp:term":[{"taxonomy":"product_brand","embeddable":true,"href":"https:\/\/cigarquality.com\/ja\/wp-json\/wp\/v2\/product_brand?post=47285"},{"taxonomy":"product_cat","embeddable":true,"href":"https:\/\/cigarquality.com\/ja\/wp-json\/wp\/v2\/product_cat?post=47285"},{"taxonomy":"product_tag","embeddable":true,"href":"https:\/\/cigarquality.com\/ja\/wp-json\/wp\/v2\/product_tag?post=47285"}],"curies":[{"name":"wp","href":"https:\/\/api.w.org\/{rel}","templated":true}]}}