{"id":47269,"date":"2018-03-29T10:32:32","date_gmt":"2018-03-29T09:32:32","guid":{"rendered":"https:\/\/mkulcarx.preview.infomaniak.website\/produit\/signature-2000-cello-25-cigares\/"},"modified":"2025-11-14T11:57:44","modified_gmt":"2025-11-14T10:57:44","slug":"davidoff-signature-2000-cello-25-cigares","status":"publish","type":"product","link":"https:\/\/cigarquality.com\/ja\/boutique\/cigares-dominicains\/davidoff\/signature\/davidoff-signature-2000-cello-25-cigares\/","title":{"rendered":"\u30c0\u30d3\u30c9\u30d5\u30fb\u30b7\u30b0\u30cd\u30c1\u30e3\u30fc2000 (25)"},"content":{"rendered":"<p>Le Davidoff Signature 2000 est un Corona ind\u00e9modable et \u00e9galement <strong>le cigare Davidoff le plus vendu dans le monde <\/strong>: il est fum\u00e9 toutes les 30 secondes. C&rsquo;est un magnifique cigare aux notes bois\u00e9es et de caf\u00e9 particuli\u00e8rement prononc\u00e9es avec un magnifique final cr\u00e9meux.<\/p>\n<p>Le Davidoff Signature 2000 est construit intelligemment afin d&rsquo;utiliser une plus grande proportion de tabacs Piloto, faisant de ce Corona un v\u00e9ritable plaisir \u00e0 d\u00e9guster.<\/p>\n<p>Il mesure 129 mm de longueur pour 17 mm de diam\u00e8tre (bague 43) et n\u00e9cessitera 30 \u00e0 45 minutes pour \u00eatre d\u00e9gust\u00e9 convenablement.<\/p>\n<p>Le Davidoff Signature 2000 est disponible en bo\u00eete de 25 cigares, en \u00e9tui de 5 cigares ainsi qu&rsquo;en tubos de 4 et 20 cigares.<\/p>","protected":false},"excerpt":{"rendered":"<p>\u8449\u5dfb25\u672c\u5165\u308a\u3002.<\/p>","protected":false},"featured_media":6653,"template":"","meta":{"_acf_changed":false},"product_brand":[],"product_cat":[19809,19812,19835,31175],"product_tag":[],"class_list":{"0":"post-47269","1":"product","2":"type-product","3":"status-publish","4":"has-post-thumbnail","6":"product_cat-cigares","7":"product_cat-cigares-dominicains","8":"product_cat-davidoff","9":"product_cat-signature","10":"product_shipping_class-cigares","12":"first","13":"instock","14":"sale","15":"taxable","16":"shipping-taxable","17":"purchasable","18":"product-type-simple"},"acf":[],"_links":{"self":[{"href":"https:\/\/cigarquality.com\/ja\/wp-json\/wp\/v2\/product\/47269","targetHints":{"allow":["GET"]}}],"collection":[{"href":"https:\/\/cigarquality.com\/ja\/wp-json\/wp\/v2\/product"}],"about":[{"href":"https:\/\/cigarquality.com\/ja\/wp-json\/wp\/v2\/types\/product"}],"wp:featuredmedia":[{"embeddable":true,"href":"https:\/\/cigarquality.com\/ja\/wp-json\/wp\/v2\/media\/6653"}],"wp:attachment":[{"href":"https:\/\/cigarquality.com\/ja\/wp-json\/wp\/v2\/media?parent=47269"}],"wp:term":[{"taxonomy":"product_brand","embeddable":true,"href":"https:\/\/cigarquality.com\/ja\/wp-json\/wp\/v2\/product_brand?post=47269"},{"taxonomy":"product_cat","embeddable":true,"href":"https:\/\/cigarquality.com\/ja\/wp-json\/wp\/v2\/product_cat?post=47269"},{"taxonomy":"product_tag","embeddable":true,"href":"https:\/\/cigarquality.com\/ja\/wp-json\/wp\/v2\/product_tag?post=47269"}],"curies":[{"name":"wp","href":"https:\/\/api.w.org\/{rel}","templated":true}]}}