{"id":47261,"date":"2018-03-29T10:32:32","date_gmt":"2018-03-29T09:32:32","guid":{"rendered":"https:\/\/mkulcarx.preview.infomaniak.website\/produit\/signature-2000-cello-5-cigares\/"},"modified":"2026-04-07T14:24:10","modified_gmt":"2026-04-07T12:24:10","slug":"davidoff-signature-2000-cello-5-cigares","status":"publish","type":"product","link":"https:\/\/cigarquality.com\/ja\/boutique\/cigares-dominicains\/davidoff\/signature\/davidoff-signature-2000-cello-5-cigares\/","title":{"rendered":"\u30c0\u30d3\u30c9\u30d5\u30fb\u30b7\u30b0\u30cd\u30c1\u30e3\u30fc2000\u30b1\u30fc\u30b9 (5)"},"content":{"rendered":"<p>La s\u00e9rie Davidoff Signature repr\u00e9sente le raffinement iconique en \u00e9pousant les s\u00e9ries Classic et Mille.\u00a0Intemporel et \u00e9l\u00e9gant dans tous les sens du terme, le m\u00e9lange Signature permet aux senteurs florales fra\u00eeches de se m\u00ealer aux notes terreuses et bois\u00e9es, r\u00e9v\u00e9lant une pointe de douceur qui laisse un arri\u00e8re-go\u00fbt typiquement propre et cr\u00e9meux.\u00a0Apr\u00e8s avoir r\u00e9sist\u00e9 \u00e0 l&rsquo;\u00e9preuve du temps, la s\u00e9rie Signature repr\u00e9sente l&rsquo;essence m\u00eame d&rsquo;un temps magnifiquement rempli.<\/p>\n<p>Avec des formats de jauge de bague l\u00e9g\u00e8rement plus larges, le format corona des ann\u00e9es 2000 offre au fumeur une exp\u00e9rience plus audacieuse. Toutes les 30 secondes, une personne quelque part dans le monde appr\u00e9cie le pourcentage plus \u00e9lev\u00e9 de tabacs Piloto des ann\u00e9es 2000, de caf\u00e9 audacieux, de notes de bois et un arri\u00e8re-go\u00fbt cr\u00e9meux, livr\u00e9s au format intemporel Corona.<\/p>","protected":false},"excerpt":{"rendered":"<p>5\u672c\u5165\u308a\u30b1\u30fc\u30b9\u3002.<\/p>","protected":false},"featured_media":12082,"template":"","meta":{"_acf_changed":false},"product_brand":[],"product_cat":[19809,19812,19835,31175],"product_tag":[],"class_list":{"0":"post-47261","1":"product","2":"type-product","3":"status-publish","4":"has-post-thumbnail","6":"product_cat-cigares","7":"product_cat-cigares-dominicains","8":"product_cat-davidoff","9":"product_cat-signature","10":"product_shipping_class-cigares","12":"first","13":"outofstock","14":"sale","15":"taxable","16":"shipping-taxable","17":"purchasable","18":"product-type-simple"},"acf":[],"_links":{"self":[{"href":"https:\/\/cigarquality.com\/ja\/wp-json\/wp\/v2\/product\/47261","targetHints":{"allow":["GET"]}}],"collection":[{"href":"https:\/\/cigarquality.com\/ja\/wp-json\/wp\/v2\/product"}],"about":[{"href":"https:\/\/cigarquality.com\/ja\/wp-json\/wp\/v2\/types\/product"}],"wp:featuredmedia":[{"embeddable":true,"href":"https:\/\/cigarquality.com\/ja\/wp-json\/wp\/v2\/media\/12082"}],"wp:attachment":[{"href":"https:\/\/cigarquality.com\/ja\/wp-json\/wp\/v2\/media?parent=47261"}],"wp:term":[{"taxonomy":"product_brand","embeddable":true,"href":"https:\/\/cigarquality.com\/ja\/wp-json\/wp\/v2\/product_brand?post=47261"},{"taxonomy":"product_cat","embeddable":true,"href":"https:\/\/cigarquality.com\/ja\/wp-json\/wp\/v2\/product_cat?post=47261"},{"taxonomy":"product_tag","embeddable":true,"href":"https:\/\/cigarquality.com\/ja\/wp-json\/wp\/v2\/product_tag?post=47261"}],"curies":[{"name":"wp","href":"https:\/\/api.w.org\/{rel}","templated":true}]}}