{"id":47139,"date":"2018-03-29T10:32:47","date_gmt":"2018-03-29T09:32:47","guid":{"rendered":"https:\/\/mkulcarx.preview.infomaniak.website\/produit\/primeros-cello\/"},"modified":"2026-03-31T10:51:03","modified_gmt":"2026-03-31T08:51:03","slug":"davidoff-primeros","status":"publish","type":"product","link":"https:\/\/cigarquality.com\/ja\/boutique\/cigares-dominicains\/davidoff\/primeros\/davidoff-primeros\/","title":{"rendered":"\u30c0\u30d3\u30c9\u30d5\u30fb\u30d7\u30ea\u30e1\u30ed\u30b9\u30fb\u30c9\u30df\u30cb\u30ab (6)"},"content":{"rendered":"<p><strong>Les Primeros de Davidoff Dominican offrent une combinaison enivrante de notes bois\u00e9es douces et douces.<\/strong>\u00a0Fabriqu\u00e9 \u00e0 la main et cr\u00e9\u00e9 avec le m\u00eame soin, le m\u00eame d\u00e9vouement et le m\u00eame souci du d\u00e9tail que tous nos cigares, il est pourvu d&rsquo;un tabac \u00e0 tabac dominicain, d&rsquo;une sous-caspe San Vicente et d&rsquo;une cape Connecticut.\u00a0<strong>Alors, peu importe votre temps, ce cigare doux et agr\u00e9able le remplira \u00e0 merveille.<\/strong><\/p>","protected":false},"excerpt":{"rendered":"<p>\u8449\u5dfb6\u672c\u5165\u308a\u3002.<\/p>","protected":false},"featured_media":47141,"template":"","meta":{"_acf_changed":false},"product_brand":[],"product_cat":[19809,19812,19835,31050],"product_tag":[9538,9035],"class_list":{"0":"post-47139","1":"product","2":"type-product","3":"status-publish","4":"has-post-thumbnail","6":"product_cat-cigares","7":"product_cat-cigares-dominicains","8":"product_cat-davidoff","9":"product_cat-primeros","10":"product_tag-boise","11":"product_tag-terreux","12":"product_shipping_class-cigares","14":"first","15":"instock","16":"sale","17":"taxable","18":"shipping-taxable","19":"purchasable","20":"product-type-simple"},"acf":[],"_links":{"self":[{"href":"https:\/\/cigarquality.com\/ja\/wp-json\/wp\/v2\/product\/47139","targetHints":{"allow":["GET"]}}],"collection":[{"href":"https:\/\/cigarquality.com\/ja\/wp-json\/wp\/v2\/product"}],"about":[{"href":"https:\/\/cigarquality.com\/ja\/wp-json\/wp\/v2\/types\/product"}],"wp:featuredmedia":[{"embeddable":true,"href":"https:\/\/cigarquality.com\/ja\/wp-json\/wp\/v2\/media\/47141"}],"wp:attachment":[{"href":"https:\/\/cigarquality.com\/ja\/wp-json\/wp\/v2\/media?parent=47139"}],"wp:term":[{"taxonomy":"product_brand","embeddable":true,"href":"https:\/\/cigarquality.com\/ja\/wp-json\/wp\/v2\/product_brand?post=47139"},{"taxonomy":"product_cat","embeddable":true,"href":"https:\/\/cigarquality.com\/ja\/wp-json\/wp\/v2\/product_cat?post=47139"},{"taxonomy":"product_tag","embeddable":true,"href":"https:\/\/cigarquality.com\/ja\/wp-json\/wp\/v2\/product_tag?post=47139"}],"curies":[{"name":"wp","href":"https:\/\/api.w.org\/{rel}","templated":true}]}}