{"id":46689,"date":"2018-03-29T10:33:41","date_gmt":"2018-03-29T09:33:41","guid":{"rendered":"https:\/\/mkulcarx.preview.infomaniak.website\/produit\/avo-classic-no-6-cello-20s\/"},"modified":"2025-07-25T13:26:24","modified_gmt":"2025-07-25T11:26:24","slug":"avo-classic-no-6-20","status":"publish","type":"product","link":"https:\/\/cigarquality.com\/ja\/boutique\/cigares-dominicains\/avo\/avo-classic\/avo-classic-no-6-20\/","title":{"rendered":"AVO Classic No. 6 (20)"},"content":{"rendered":"<p>L&rsquo;AVO Classic No. 6\u00a0est l\u2019harmonie de deux l\u00e9gendes du cigare, <strong>\u30a2\u30dc\u30fb\u30a6\u30f4\u30a7\u30b8\u30a2\u30f3\u3068\u30de\u30b9\u30bf\u30fc\u30d6\u30ec\u30f3\u30c0\u30fc\u306e\u30d8\u30f3\u30c9\u30ea\u30c3\u30af\u30fb\u30b1\u30eb\u30ca\u30fc\u3002.<\/strong>\u00a0Leur collaboration offre une exp\u00e9rience inoubliable d&rsquo;\u00e9quilibre, de plaisir et de go\u00fbt raffin\u00e9.\u00a0Ce m\u00e9lange attrayant <strong>est compos\u00e9 de tabacs rares vieillis 25 ans.<\/strong><\/p>\n<p>20\u672c\u5165\u308a\u3002.<\/p>","protected":false},"excerpt":{"rendered":"<p>20\u672c\u5165\u308a\u3002.<\/p>","protected":false},"featured_media":46691,"template":"","meta":{"_acf_changed":false},"product_brand":[],"product_cat":[25110,27254,19809,19812],"product_tag":[],"class_list":{"0":"post-46689","1":"product","2":"type-product","3":"status-publish","4":"has-post-thumbnail","6":"product_cat-avo","7":"product_cat-avo-classic","8":"product_cat-cigares","9":"product_cat-cigares-dominicains","10":"product_shipping_class-cigares","12":"first","13":"instock","14":"sale","15":"taxable","16":"shipping-taxable","17":"purchasable","18":"product-type-simple"},"acf":[],"_links":{"self":[{"href":"https:\/\/cigarquality.com\/ja\/wp-json\/wp\/v2\/product\/46689","targetHints":{"allow":["GET"]}}],"collection":[{"href":"https:\/\/cigarquality.com\/ja\/wp-json\/wp\/v2\/product"}],"about":[{"href":"https:\/\/cigarquality.com\/ja\/wp-json\/wp\/v2\/types\/product"}],"wp:featuredmedia":[{"embeddable":true,"href":"https:\/\/cigarquality.com\/ja\/wp-json\/wp\/v2\/media\/46691"}],"wp:attachment":[{"href":"https:\/\/cigarquality.com\/ja\/wp-json\/wp\/v2\/media?parent=46689"}],"wp:term":[{"taxonomy":"product_brand","embeddable":true,"href":"https:\/\/cigarquality.com\/ja\/wp-json\/wp\/v2\/product_brand?post=46689"},{"taxonomy":"product_cat","embeddable":true,"href":"https:\/\/cigarquality.com\/ja\/wp-json\/wp\/v2\/product_cat?post=46689"},{"taxonomy":"product_tag","embeddable":true,"href":"https:\/\/cigarquality.com\/ja\/wp-json\/wp\/v2\/product_tag?post=46689"}],"curies":[{"name":"wp","href":"https:\/\/api.w.org\/{rel}","templated":true}]}}