{"id":46665,"date":"2018-03-29T11:33:41","date_gmt":"2018-03-29T09:33:41","guid":{"rendered":"https:\/\/mkulcarx.preview.infomaniak.website\/produit\/avo-xo-legato-cello-20s\/"},"modified":"2025-07-25T13:26:40","modified_gmt":"2025-07-25T11:26:40","slug":"avo-xo-legato-cello-20s","status":"publish","type":"product","link":"https:\/\/cigarquality.com\/ja\/boutique\/cigares-dominicains\/avo\/avo-xo\/avo-xo-legato-cello-20s\/","title":{"rendered":"\u30a2\u30dcXO\u30ec\u30ac\u30fc\u30c8 (20)"},"content":{"rendered":"<p>AVO XO Legato Cello 20&rsquo;S.\u00a0<strong>V\u00e9ritable \u0153uvre d&rsquo;art, le super premium Avo XO Legato est un r\u00e9gal pour les amateurs de Toro.<\/strong> Il est compos\u00e9 d&rsquo;un m\u00e9lange parfaitement \u00e9labor\u00e9 de longues tripes dominicaines ferment\u00e9es, assis dans une cape luxueusement douce et \u00e9quatorienne.\u00a0Des notes de tabac sal\u00e9, de c\u00e8dre et de m\u00e9lasse douce, agr\u00e9ment\u00e9es de subtiles notes de bois carbonis\u00e9 et de notes terreuses, <strong>expliquent pourquoi le AVO XO est consid\u00e9r\u00e9 par beaucoup comme le plus raffin\u00e9 d&rsquo;Avo jamais cr\u00e9\u00e9.<\/strong>\u00a0Ces superbes cigares vous parviennent par bo\u00eetes de 20.<\/p>","protected":false},"excerpt":{"rendered":"<p>20\u672c\u5165\u308a\u3002.<\/p>","protected":false},"featured_media":46667,"template":"","meta":{"_acf_changed":false},"product_brand":[],"product_cat":[25110,27264,19809,19812],"product_tag":[],"class_list":{"0":"post-46665","1":"product","2":"type-product","3":"status-publish","4":"has-post-thumbnail","6":"product_cat-avo","7":"product_cat-avo-xo","8":"product_cat-cigares","9":"product_cat-cigares-dominicains","10":"product_shipping_class-cigares","12":"first","13":"instock","14":"sale","15":"taxable","16":"shipping-taxable","17":"purchasable","18":"product-type-simple"},"acf":[],"_links":{"self":[{"href":"https:\/\/cigarquality.com\/ja\/wp-json\/wp\/v2\/product\/46665","targetHints":{"allow":["GET"]}}],"collection":[{"href":"https:\/\/cigarquality.com\/ja\/wp-json\/wp\/v2\/product"}],"about":[{"href":"https:\/\/cigarquality.com\/ja\/wp-json\/wp\/v2\/types\/product"}],"wp:featuredmedia":[{"embeddable":true,"href":"https:\/\/cigarquality.com\/ja\/wp-json\/wp\/v2\/media\/46667"}],"wp:attachment":[{"href":"https:\/\/cigarquality.com\/ja\/wp-json\/wp\/v2\/media?parent=46665"}],"wp:term":[{"taxonomy":"product_brand","embeddable":true,"href":"https:\/\/cigarquality.com\/ja\/wp-json\/wp\/v2\/product_brand?post=46665"},{"taxonomy":"product_cat","embeddable":true,"href":"https:\/\/cigarquality.com\/ja\/wp-json\/wp\/v2\/product_cat?post=46665"},{"taxonomy":"product_tag","embeddable":true,"href":"https:\/\/cigarquality.com\/ja\/wp-json\/wp\/v2\/product_tag?post=46665"}],"curies":[{"name":"wp","href":"https:\/\/api.w.org\/{rel}","templated":true}]}}