{"id":46619,"date":"2018-03-29T10:33:41","date_gmt":"2018-03-29T09:33:41","guid":{"rendered":"https:\/\/mkulcarx.preview.infomaniak.website\/produit\/avo-xo-maestoso-cello-4-cigares\/"},"modified":"2025-07-25T13:26:31","modified_gmt":"2025-07-25T11:26:31","slug":"avo-xo-maestoso-cello-4-cigares","status":"publish","type":"product","link":"https:\/\/cigarquality.com\/ja\/boutique\/cigares-dominicains\/avo\/avo-xo\/avo-xo-maestoso-cello-4-cigares\/","title":{"rendered":"AVO XO Maestoso Cello (4)"},"content":{"rendered":"<p>L\u2019h\u00e9ritage d\u2019Avo captur\u00e9 dans tous les formats, avec du tabac vieilli pendant au moins six ans, tiss\u00e9 artistiquement dans chaque cigare. L\u2019AVO XO Maestoso Cello est un chef-d\u2019\u0153uvre destin\u00e9 aux occasions sp\u00e9ciales. Une composition mi-cors\u00e9e remarquablement douce, mais richement complexe, \u00e9quilibr\u00e9e avec des notes de bois, d\u2019\u00e9pices, de fruits secs et sucr\u00e9s.<\/p>","protected":false},"excerpt":{"rendered":"<p>\u8449\u5dfb4\u672c\u5165\u308a\u3002.<\/p>","protected":false},"featured_media":46623,"template":"","meta":{"_acf_changed":false},"product_brand":[],"product_cat":[25110,27264,19809,19812],"product_tag":[],"class_list":{"0":"post-46619","1":"product","2":"type-product","3":"status-publish","4":"has-post-thumbnail","6":"product_cat-avo","7":"product_cat-avo-xo","8":"product_cat-cigares","9":"product_cat-cigares-dominicains","10":"product_shipping_class-cigares","12":"first","13":"instock","14":"sale","15":"taxable","16":"shipping-taxable","17":"purchasable","18":"product-type-simple"},"acf":[],"_links":{"self":[{"href":"https:\/\/cigarquality.com\/ja\/wp-json\/wp\/v2\/product\/46619","targetHints":{"allow":["GET"]}}],"collection":[{"href":"https:\/\/cigarquality.com\/ja\/wp-json\/wp\/v2\/product"}],"about":[{"href":"https:\/\/cigarquality.com\/ja\/wp-json\/wp\/v2\/types\/product"}],"wp:featuredmedia":[{"embeddable":true,"href":"https:\/\/cigarquality.com\/ja\/wp-json\/wp\/v2\/media\/46623"}],"wp:attachment":[{"href":"https:\/\/cigarquality.com\/ja\/wp-json\/wp\/v2\/media?parent=46619"}],"wp:term":[{"taxonomy":"product_brand","embeddable":true,"href":"https:\/\/cigarquality.com\/ja\/wp-json\/wp\/v2\/product_brand?post=46619"},{"taxonomy":"product_cat","embeddable":true,"href":"https:\/\/cigarquality.com\/ja\/wp-json\/wp\/v2\/product_cat?post=46619"},{"taxonomy":"product_tag","embeddable":true,"href":"https:\/\/cigarquality.com\/ja\/wp-json\/wp\/v2\/product_tag?post=46619"}],"curies":[{"name":"wp","href":"https:\/\/api.w.org\/{rel}","templated":true}]}}