{"id":46533,"date":"2018-03-29T10:33:49","date_gmt":"2018-03-29T09:33:49","guid":{"rendered":"https:\/\/mkulcarx.preview.infomaniak.website\/produit\/avo-heritage-robusto-cello-20s\/"},"modified":"2026-02-25T10:27:57","modified_gmt":"2026-02-25T09:27:57","slug":"avo-heritage-robusto-20","status":"publish","type":"product","link":"https:\/\/cigarquality.com\/ja\/boutique\/cigares-dominicains\/avo\/avo-heritage\/avo-heritage-robusto-20\/","title":{"rendered":"AVO Heritage Robusto (20)"},"content":{"rendered":"<p>La marque Avo \u00e9largit sa gamme avec les nouveaux Heritage. <strong>Produit en R\u00e9publique Dominicaine, l&rsquo;assemblage de la nouvelle gamme Avo Heritage Robusto contient une proportion particuli\u00e8rement \u00e9lev\u00e9e de Ligero<\/strong> d\u00e9veloppant ainsi un cigare au caract\u00e8re puissant mais \u00e9quilibr\u00e9. Ce Robusto se pr\u00e9sente dans une cape soyeuse, tr\u00e8s homog\u00e8ne. Les premi\u00e8res volutes sont agr\u00e9ables, l\u00e9g\u00e8rement teint\u00e9es d&rsquo;amertume.<\/p>\n<p><strong>Le cigare gagne rapidement en douceur et en longueur en bouche,<\/strong> les ar\u00f4mes d\u2019agrumes se ressentent avec l\u00e9g\u00e8ret\u00e9. Avec \u00e9tonnement, on d\u00e9couvre une seconde partie plus puissante, le c\u00e8dre domine, la personnalit\u00e9 se d\u00e9cha\u00eene. Un cigare cors\u00e9 mais \u00e9quilibr\u00e9.<\/p>","protected":false},"excerpt":{"rendered":"<p>20\u672c\u5165\u308a\u3002.<\/p>","protected":false},"featured_media":46537,"template":"","meta":{"_acf_changed":false},"product_brand":[],"product_cat":[25110,27258,19809,19812],"product_tag":[],"class_list":{"0":"post-46533","1":"product","2":"type-product","3":"status-publish","4":"has-post-thumbnail","6":"product_cat-avo","7":"product_cat-avo-heritage","8":"product_cat-cigares","9":"product_cat-cigares-dominicains","10":"product_shipping_class-cigares","12":"first","13":"instock","14":"sale","15":"taxable","16":"shipping-taxable","17":"purchasable","18":"product-type-simple"},"acf":[],"_links":{"self":[{"href":"https:\/\/cigarquality.com\/ja\/wp-json\/wp\/v2\/product\/46533","targetHints":{"allow":["GET"]}}],"collection":[{"href":"https:\/\/cigarquality.com\/ja\/wp-json\/wp\/v2\/product"}],"about":[{"href":"https:\/\/cigarquality.com\/ja\/wp-json\/wp\/v2\/types\/product"}],"wp:featuredmedia":[{"embeddable":true,"href":"https:\/\/cigarquality.com\/ja\/wp-json\/wp\/v2\/media\/46537"}],"wp:attachment":[{"href":"https:\/\/cigarquality.com\/ja\/wp-json\/wp\/v2\/media?parent=46533"}],"wp:term":[{"taxonomy":"product_brand","embeddable":true,"href":"https:\/\/cigarquality.com\/ja\/wp-json\/wp\/v2\/product_brand?post=46533"},{"taxonomy":"product_cat","embeddable":true,"href":"https:\/\/cigarquality.com\/ja\/wp-json\/wp\/v2\/product_cat?post=46533"},{"taxonomy":"product_tag","embeddable":true,"href":"https:\/\/cigarquality.com\/ja\/wp-json\/wp\/v2\/product_tag?post=46533"}],"curies":[{"name":"wp","href":"https:\/\/api.w.org\/{rel}","templated":true}]}}