{"id":46089,"date":"2018-10-25T14:18:33","date_gmt":"2018-10-25T13:18:33","guid":{"rendered":"https:\/\/cigarquality.com\/?post_type=product&#038;p=9243"},"modified":"2026-04-13T09:05:14","modified_gmt":"2026-04-13T07:05:14","slug":"undercrown-shade-flying-pig-12","status":"publish","type":"product","link":"https:\/\/cigarquality.com\/ja\/boutique\/cigares-nicaraguayens\/drew-estate\/undercrown-shade\/undercrown-shade-flying-pig-12\/","title":{"rendered":"Undercrown Shade Flying Pig (12)"},"content":{"rendered":"<p>\u8449\u5dfb <strong>Drew Estate Undercrown Shade Flying Pig<\/strong> est d&rsquo;une allure plus douce que la c\u00e9l\u00e8bre ligne Undercrown.\u00a0Cette extension de ligne bien re\u00e7ue, comprend une magnifique cape \u00e9quatorienne du Connecticut, brun dor\u00e9, et une rare sous-cape vintage Criollo 98 Sumatra, par-dessus des tripes Criollo, Corojo dominicaines et nicaraguayennes.\u00a0C&rsquo;est la premi\u00e8re version solo du ma\u00eetre mixeur de Drew Estate, Willy Herrera, \u00e0 ne pas confondre avec la marque Herrera Esteli.<\/p>\n<p><strong>Attendez-vous \u00e0 une fum\u00e9e mi-cors\u00e9e et douce<\/strong> avec des ar\u00f4mes complexes de cuir, de cr\u00e8me douce et de pain grill\u00e9, rehauss\u00e9s de subtiles notes d&rsquo;\u00e9pices chaudes, de miel et d&rsquo;une l\u00e9g\u00e8re composante florale.<\/p>\n<p>12\u672c\u5165\u308a\u3002.<\/p>","protected":false},"excerpt":{"rendered":"<p>12\u672c\u5165\u308a\u3002.<\/p>","protected":false},"featured_media":46095,"template":"","meta":{"_acf_changed":false},"product_brand":[],"product_cat":[19809,24833,26451,29936],"product_tag":[2298,1849,2300,1953,2299],"class_list":{"0":"post-46089","1":"product","2":"type-product","3":"status-publish","4":"has-post-thumbnail","6":"product_cat-cigares","7":"product_cat-cigares-nicaraguayens","8":"product_cat-drew-estate","9":"product_cat-undercrown-shade","10":"product_tag-creme-douce","11":"product_tag-cuir","12":"product_tag-epices-chaudes","13":"product_tag-miel","14":"product_tag-pain-grille","15":"product_shipping_class-cigares","17":"first","18":"outofstock","19":"sale","20":"taxable","21":"shipping-taxable","22":"purchasable","23":"product-type-simple"},"acf":[],"_links":{"self":[{"href":"https:\/\/cigarquality.com\/ja\/wp-json\/wp\/v2\/product\/46089","targetHints":{"allow":["GET"]}}],"collection":[{"href":"https:\/\/cigarquality.com\/ja\/wp-json\/wp\/v2\/product"}],"about":[{"href":"https:\/\/cigarquality.com\/ja\/wp-json\/wp\/v2\/types\/product"}],"wp:featuredmedia":[{"embeddable":true,"href":"https:\/\/cigarquality.com\/ja\/wp-json\/wp\/v2\/media\/46095"}],"wp:attachment":[{"href":"https:\/\/cigarquality.com\/ja\/wp-json\/wp\/v2\/media?parent=46089"}],"wp:term":[{"taxonomy":"product_brand","embeddable":true,"href":"https:\/\/cigarquality.com\/ja\/wp-json\/wp\/v2\/product_brand?post=46089"},{"taxonomy":"product_cat","embeddable":true,"href":"https:\/\/cigarquality.com\/ja\/wp-json\/wp\/v2\/product_cat?post=46089"},{"taxonomy":"product_tag","embeddable":true,"href":"https:\/\/cigarquality.com\/ja\/wp-json\/wp\/v2\/product_tag?post=46089"}],"curies":[{"name":"wp","href":"https:\/\/api.w.org\/{rel}","templated":true}]}}