{"id":46031,"date":"2018-10-26T14:26:48","date_gmt":"2018-10-26T13:26:48","guid":{"rendered":"https:\/\/cigarquality.com\/?post_type=product&#038;p=9291"},"modified":"2026-03-09T22:49:35","modified_gmt":"2026-03-09T21:49:35","slug":"liga-privada-no-9-coronets-10","status":"publish","type":"product","link":"https:\/\/cigarquality.com\/ja\/boutique\/cigares-nicaraguayens\/drew-estate\/liga-privada-no-9\/liga-privada-no-9-coronets-10\/","title":{"rendered":"\u30ea\u30fc\u30ac\u30fb\u30d7\u30ea\u30f4\u30a1\u30fc\u30c0 No.9 \u30b3\u30ed\u30cd\u30c3\u30c8 (10)"},"content":{"rendered":"<p><strong>Le Liga Privada No. 9 Coronets<\/strong> est un petit Panatela \u00e0 la puissance qui offre une exp\u00e9rience de fumer unique pour le novice ainsi que pour les passionn\u00e9s de cigares.\u00a0La Liga Privada No. 9 comprend une cape du Connecticut Broadleaf avec une sous-cape br\u00e9silienne Mata Fina et une tripe compos\u00e9e de tabacs \u00e0 graines de l&rsquo;Honduras et du Nicaragua.\u00a0La Liga Privada No. 9 offre un profil de saveur int\u00e9ressant compos\u00e9 <strong>d&rsquo;expresso et de terre.<\/strong><\/p>\n<p><strong>\u30ea\u30ac\u30fb\u30d7\u30ea\u30f4\u30a1\u30fc\u30c0No.9<\/strong> \u30b3\u30cd\u30c6\u30a3\u30ab\u30c3\u30c8\u30fb\u30d6\u30ed\u30fc\u30c9\u30ea\u30fc\u30d5\u30fb\u30e9\u30c3\u30d1\u30fc\u3001\u30d6\u30e9\u30b8\u30ea\u30a2\u30f3\u30fb\u30de\u30bf\u30d5\u30a3\u30ca\u30fb\u30e9\u30c3\u30d1\u30fc\u3001\u30db\u30f3\u30b8\u30e5\u30e9\u30b9\u3068\u30cb\u30ab\u30e9\u30b0\u30a2\u306e\u30d5\u30a3\u30e9\u30fc\u3067\u69cb\u6210\u3055\u308c\u3066\u3044\u308b\u3002. <strong>\u30ea\u30ac\u30fb\u30d7\u30ea\u30f4\u30a1\u30fc\u30c0No.9<\/strong> \u306f\u5143\u3005\u3001\u30c9\u30ea\u30e5\u30fc\u30fb\u30a8\u30b9\u30c6\u30fc\u30c8\u306e\u4f1a\u9577\u3067\u3042\u308b\u30b9\u30c6\u30a3\u30fc\u30d6\u30fb\u30b5\u30ab\u306e\u500b\u4eba\u7684\u306a\u6d88\u8cbb\u306e\u305f\u3081\u306b\u4f5c\u3089\u308c\u305f\u3002.<\/p>\n<p>\u8449\u5dfb10\u672c\u5165\u308a\u3002.<\/p>","protected":false},"excerpt":{"rendered":"<p>\u8449\u5dfb10\u672c\u5165\u308a\u3002.<\/p>","protected":false},"featured_media":46037,"template":"","meta":{"_acf_changed":false},"product_brand":[],"product_cat":[19809,24833,26451,29776],"product_tag":[2343,2135,2050],"class_list":{"0":"post-46031","1":"product","2":"type-product","3":"status-publish","4":"has-post-thumbnail","6":"product_cat-cigares","7":"product_cat-cigares-nicaraguayens","8":"product_cat-drew-estate","9":"product_cat-liga-privada-no-9","10":"product_tag-espresso","11":"product_tag-expresso","12":"product_tag-terre","13":"product_shipping_class-cigares","15":"first","16":"instock","17":"sale","18":"taxable","19":"shipping-taxable","20":"purchasable","21":"product-type-simple"},"acf":[],"_links":{"self":[{"href":"https:\/\/cigarquality.com\/ja\/wp-json\/wp\/v2\/product\/46031","targetHints":{"allow":["GET"]}}],"collection":[{"href":"https:\/\/cigarquality.com\/ja\/wp-json\/wp\/v2\/product"}],"about":[{"href":"https:\/\/cigarquality.com\/ja\/wp-json\/wp\/v2\/types\/product"}],"wp:featuredmedia":[{"embeddable":true,"href":"https:\/\/cigarquality.com\/ja\/wp-json\/wp\/v2\/media\/46037"}],"wp:attachment":[{"href":"https:\/\/cigarquality.com\/ja\/wp-json\/wp\/v2\/media?parent=46031"}],"wp:term":[{"taxonomy":"product_brand","embeddable":true,"href":"https:\/\/cigarquality.com\/ja\/wp-json\/wp\/v2\/product_brand?post=46031"},{"taxonomy":"product_cat","embeddable":true,"href":"https:\/\/cigarquality.com\/ja\/wp-json\/wp\/v2\/product_cat?post=46031"},{"taxonomy":"product_tag","embeddable":true,"href":"https:\/\/cigarquality.com\/ja\/wp-json\/wp\/v2\/product_tag?post=46031"}],"curies":[{"name":"wp","href":"https:\/\/api.w.org\/{rel}","templated":true}]}}