{"id":45949,"date":"2018-11-14T14:45:19","date_gmt":"2018-11-14T13:45:19","guid":{"rendered":"https:\/\/cigarquality.com\/?post_type=product&#038;p=9640"},"modified":"2026-03-31T10:47:59","modified_gmt":"2026-03-31T08:47:59","slug":"davidoff-figurado-selection-6s","status":"publish","type":"product","link":"https:\/\/cigarquality.com\/ja\/boutique\/cigares-dominicains\/davidoff\/davidoff-assortiments\/davidoff-figurado-selection-6s\/","title":{"rendered":"Davidoff Figurado Selection (6)"},"content":{"rendered":"<p><strong>Un magnifique coffret Davidoff Gift Figurado Selection 6&rsquo;S, uniquement disponible en Europe, contenant les cigares les plus vendus de Davidoff,<\/strong> aux m\u00e9langes d&rsquo;ar\u00f4mes uniques de la marque. <strong>La bo\u00eete contient :<\/strong><\/p>\n<ul>\n<li>1x Aniversario Short Perfecto<\/li>\n<li>1x Aniversario Special \u00abT\u00bb<\/li>\n<li>1x Millennium Piramides<\/li>\n<li>1x Escurio Gran Perfecto<\/li>\n<li>1x Nicaragua Diadema<\/li>\n<li>1x Yamas\u00e1 Piramides<\/li>\n<\/ul>\n<p>Le cadeau parfait pour un esprit aventureux. <strong>Chaque s\u00e9lection de cadeaux repr\u00e9sente un voyage de d\u00e9couverte de tout ce que Davidoff a \u00e0 offrir en termes d&rsquo;intensit\u00e9, de saveurs et d&rsquo;ar\u00f4mes.\u00a0<\/strong>Les propositions de s\u00e9lection de cadeaux sont \u00e9labor\u00e9es en tenant compte des piliers de la marque, de l\u2019intensit\u00e9 et du temps de plaisir.<\/p>","protected":false},"excerpt":{"rendered":"<p>Bo\u00eete de 6 cigares.<\/p>","protected":false},"featured_media":45961,"template":"","meta":{"_acf_changed":false},"product_brand":[],"product_cat":[19809,19812,19790,19835,39877],"product_tag":[],"class_list":{"0":"post-45949","1":"product","2":"type-product","3":"status-publish","4":"has-post-thumbnail","6":"product_cat-cigares","7":"product_cat-cigares-dominicains","8":"product_cat-coffrets-cadeaux","9":"product_cat-davidoff","10":"product_cat-davidoff-assortiments","11":"product_shipping_class-cigares","13":"first","14":"instock","15":"taxable","16":"shipping-taxable","17":"purchasable","18":"product-type-simple"},"acf":[],"_links":{"self":[{"href":"https:\/\/cigarquality.com\/ja\/wp-json\/wp\/v2\/product\/45949","targetHints":{"allow":["GET"]}}],"collection":[{"href":"https:\/\/cigarquality.com\/ja\/wp-json\/wp\/v2\/product"}],"about":[{"href":"https:\/\/cigarquality.com\/ja\/wp-json\/wp\/v2\/types\/product"}],"wp:featuredmedia":[{"embeddable":true,"href":"https:\/\/cigarquality.com\/ja\/wp-json\/wp\/v2\/media\/45961"}],"wp:attachment":[{"href":"https:\/\/cigarquality.com\/ja\/wp-json\/wp\/v2\/media?parent=45949"}],"wp:term":[{"taxonomy":"product_brand","embeddable":true,"href":"https:\/\/cigarquality.com\/ja\/wp-json\/wp\/v2\/product_brand?post=45949"},{"taxonomy":"product_cat","embeddable":true,"href":"https:\/\/cigarquality.com\/ja\/wp-json\/wp\/v2\/product_cat?post=45949"},{"taxonomy":"product_tag","embeddable":true,"href":"https:\/\/cigarquality.com\/ja\/wp-json\/wp\/v2\/product_tag?post=45949"}],"curies":[{"name":"wp","href":"https:\/\/api.w.org\/{rel}","templated":true}]}}