{"id":45939,"date":"2018-11-14T17:41:54","date_gmt":"2018-11-14T16:41:54","guid":{"rendered":"https:\/\/cigarquality.com\/?post_type=product&#038;p=9642"},"modified":"2025-07-25T13:37:16","modified_gmt":"2025-07-25T11:37:16","slug":"liga-privada-no-9-flying-pig-12","status":"publish","type":"product","link":"https:\/\/cigarquality.com\/ja\/boutique\/cigares-nicaraguayens\/drew-estate\/liga-privada-no-9\/liga-privada-no-9-flying-pig-12\/","title":{"rendered":"Liga Privada No. 9 Flying Pig (12)"},"content":{"rendered":"<p>Les cigares Liga Privada No. 9 Flying Pig sont des merveilles \u00e0 regarder et une joie \u00e0 fumer !\u00a0Ce perfecto unique, court et gras est un concentr\u00e9 de saveurs complexes avec des notes de poivre blanc, de fruits secs, de cuir, de notes de chocolat avec une finale toast\u00e9e.\u00a0En termes simples, la Liga Privada No. 9 Flying Pig est un cigare que vous devez essayer !<\/p>\n<p>Liga privada No. 9 est compos\u00e9e d\u2019 une cape du connecticut broadleaf, d\u2019une sous-cape Mata fina du Br\u00e9sil et la tripe elle est compos\u00e9e de tabacs du Honduras et du Nicaragua. Liga Privada a \u00e9t\u00e9 cr\u00e9\u00e9e \u00e0 l\u2019origine pour la consommation personnelle de Steve Saka, pr\u00e9sident de Drew Estate.<\/p>\n<p>&nbsp;<\/p>\n<p>&nbsp;<\/p>","protected":false},"excerpt":{"rendered":"<p>12\u672c\u5165\u308a\u3002.<\/p>","protected":false},"featured_media":45947,"template":"","meta":{"_acf_changed":false},"product_brand":[],"product_cat":[19809,24833,26451,29776],"product_tag":[1903,1849,1880,2555],"class_list":{"0":"post-45939","1":"product","2":"type-product","3":"status-publish","4":"has-post-thumbnail","6":"product_cat-cigares","7":"product_cat-cigares-nicaraguayens","8":"product_cat-drew-estate","9":"product_cat-liga-privada-no-9","10":"product_tag-chocolat","11":"product_tag-cuir","12":"product_tag-fruits-secs","13":"product_tag-poivre-blanc","14":"product_shipping_class-cigares","16":"first","17":"instock","18":"sale","19":"taxable","20":"shipping-taxable","21":"purchasable","22":"product-type-simple"},"acf":[],"_links":{"self":[{"href":"https:\/\/cigarquality.com\/ja\/wp-json\/wp\/v2\/product\/45939","targetHints":{"allow":["GET"]}}],"collection":[{"href":"https:\/\/cigarquality.com\/ja\/wp-json\/wp\/v2\/product"}],"about":[{"href":"https:\/\/cigarquality.com\/ja\/wp-json\/wp\/v2\/types\/product"}],"wp:featuredmedia":[{"embeddable":true,"href":"https:\/\/cigarquality.com\/ja\/wp-json\/wp\/v2\/media\/45947"}],"wp:attachment":[{"href":"https:\/\/cigarquality.com\/ja\/wp-json\/wp\/v2\/media?parent=45939"}],"wp:term":[{"taxonomy":"product_brand","embeddable":true,"href":"https:\/\/cigarquality.com\/ja\/wp-json\/wp\/v2\/product_brand?post=45939"},{"taxonomy":"product_cat","embeddable":true,"href":"https:\/\/cigarquality.com\/ja\/wp-json\/wp\/v2\/product_cat?post=45939"},{"taxonomy":"product_tag","embeddable":true,"href":"https:\/\/cigarquality.com\/ja\/wp-json\/wp\/v2\/product_tag?post=45939"}],"curies":[{"name":"wp","href":"https:\/\/api.w.org\/{rel}","templated":true}]}}