{"id":45885,"date":"2018-11-20T11:32:59","date_gmt":"2018-11-20T10:32:59","guid":{"rendered":"https:\/\/cigarquality.com\/?post_type=product&#038;p=9805"},"modified":"2025-09-05T18:37:36","modified_gmt":"2025-09-05T16:37:36","slug":"liga-privada-t52-flying-pig-12","status":"publish","type":"product","link":"https:\/\/cigarquality.com\/ja\/boutique\/cigares-nicaraguayens\/drew-estate\/liga-privada-t52\/liga-privada-t52-flying-pig-12\/","title":{"rendered":"\u30ea\u30ac\u30fb\u30d7\u30ea\u30f4\u30a1\u30fc\u30c0 T52 \u30d5\u30e9\u30a4\u30f3\u30b0\u30fb\u30d4\u30c3\u30b0 (12)"},"content":{"rendered":"<p><strong>Les cigares Liga Privada T52 Flying Pig<\/strong>\u00a0sont de fum\u00e9es cors\u00e9es et \u00e9paisses, sp\u00e9cialement con\u00e7ues pour les fumeurs de cigares qui aiment les cigares robustes et complexes.\u00a0Le noyau est m\u00e9lang\u00e9 avec des charges longues nicaraguayennes, dominicaines et honduriennes li\u00e9es par une feuille br\u00e9silienne acidul\u00e9e.\u00a0Mais la pi\u00e8ce de r\u00e9sistance est la cape oscuro Habano-seed coup\u00e9 \u00e0 la tige, cultiv\u00e9 aux \u00c9tats-Unis.<\/p>\n<p><strong>Le r\u00e9sultat est une feuille plus intense en saveur et plus riche en huiles.<\/strong>\u00a0La fum\u00e9e fourmille de saveurs cr\u00e9meuses de bois, d&rsquo;expresso, d&rsquo;\u00e9pices poivr\u00e9es et de tabac sucr\u00e9.<\/p>\n<p>12\u672c\u5165\u308a\u3002.<\/p>","protected":false},"excerpt":{"rendered":"<p>12\u672c\u5165\u308a\u3002.<\/p>","protected":false},"featured_media":45891,"template":"","meta":{"_acf_changed":false},"product_brand":[],"product_cat":[19809,24833,26451,29670],"product_tag":[2353,2611,2343,2135,2612],"class_list":{"0":"post-45885","1":"product","2":"type-product","3":"status-publish","4":"has-post-thumbnail","6":"product_cat-cigares","7":"product_cat-cigares-nicaraguayens","8":"product_cat-drew-estate","9":"product_cat-liga-privada-t52","10":"product_tag-bois","11":"product_tag-epices-poivrees","12":"product_tag-espresso","13":"product_tag-expresso","14":"product_tag-tabac-sucre","15":"product_shipping_class-cigares","17":"first","18":"instock","19":"sale","20":"taxable","21":"shipping-taxable","22":"purchasable","23":"product-type-simple"},"acf":[],"_links":{"self":[{"href":"https:\/\/cigarquality.com\/ja\/wp-json\/wp\/v2\/product\/45885","targetHints":{"allow":["GET"]}}],"collection":[{"href":"https:\/\/cigarquality.com\/ja\/wp-json\/wp\/v2\/product"}],"about":[{"href":"https:\/\/cigarquality.com\/ja\/wp-json\/wp\/v2\/types\/product"}],"wp:featuredmedia":[{"embeddable":true,"href":"https:\/\/cigarquality.com\/ja\/wp-json\/wp\/v2\/media\/45891"}],"wp:attachment":[{"href":"https:\/\/cigarquality.com\/ja\/wp-json\/wp\/v2\/media?parent=45885"}],"wp:term":[{"taxonomy":"product_brand","embeddable":true,"href":"https:\/\/cigarquality.com\/ja\/wp-json\/wp\/v2\/product_brand?post=45885"},{"taxonomy":"product_cat","embeddable":true,"href":"https:\/\/cigarquality.com\/ja\/wp-json\/wp\/v2\/product_cat?post=45885"},{"taxonomy":"product_tag","embeddable":true,"href":"https:\/\/cigarquality.com\/ja\/wp-json\/wp\/v2\/product_tag?post=45885"}],"curies":[{"name":"wp","href":"https:\/\/api.w.org\/{rel}","templated":true}]}}