{"id":45807,"date":"2018-11-21T10:04:34","date_gmt":"2018-11-21T09:04:34","guid":{"rendered":"https:\/\/cigarquality.com\/?post_type=product&#038;p=9822"},"modified":"2026-02-05T15:19:53","modified_gmt":"2026-02-05T14:19:53","slug":"liga-privada-unico-serie-uf-13-12","status":"publish","type":"product","link":"https:\/\/cigarquality.com\/ja\/boutique\/cigares-nicaraguayens\/drew-estate\/liga-privada-unico-serie\/liga-privada-unico-serie-uf-13-12\/","title":{"rendered":"Liga Privada Unico Serie UF-13 (12)"},"content":{"rendered":"<p><strong>Les cigares Liga Privada Unico Serie UF-13 sont, <\/strong>en termes simples, <strong>des \u0153uvres d&rsquo;art. <\/strong>Utilisant<strong> un m\u00e9lange de 3 tabacs nicaraguayens <\/strong>aux graines cubaines distinctes,<strong> une sous-cape rare dans le Connecticut Habano et une cape br\u00e9silienne Mata Fina. <\/strong>Ces cigares sont roul\u00e9s <strong>\u00e0 la perfection pour une br\u00fblure stup\u00e9fiante et une saveur audacieuse et imbattable qui dure.<\/strong><\/p>\n<p>Tout au long du parcours de la fum\u00e9e, <strong>cette onctuosit\u00e9 se marie avec des notes de terre et de caf\u00e9.\u00a0Des ar\u00f4mes de bois, de caramel, de cuir, de poivre et de douceur se m\u00e9langent<\/strong> dans la s\u00e9rie <strong>Liga Privada Unico Serie.<\/strong><\/p>\n<p>12\u672c\u5165\u308a\u3002.<\/p>","protected":false},"excerpt":{"rendered":"<p>12\u672c\u5165\u308a\u3002.<\/p>","protected":false},"featured_media":45813,"template":"","meta":{"_acf_changed":false},"product_brand":[],"product_cat":[19809,24833,26451,29614],"product_tag":[2644,942,2061,1849,2415,1851],"class_list":{"0":"post-45807","1":"product","2":"type-product","3":"status-publish","4":"has-post-thumbnail","6":"product_cat-cigares","7":"product_cat-cigares-nicaraguayens","8":"product_cat-drew-estate","9":"product_cat-liga-privada-unico-serie","10":"product_tag-aromes-de-bois","11":"product_tag-cafe","12":"product_tag-caramel","13":"product_tag-cuir","14":"product_tag-notes-de-terre","15":"product_tag-poivre","16":"product_shipping_class-cigares","18":"first","19":"instock","20":"sale","21":"taxable","22":"shipping-taxable","23":"purchasable","24":"product-type-simple"},"acf":[],"_links":{"self":[{"href":"https:\/\/cigarquality.com\/ja\/wp-json\/wp\/v2\/product\/45807","targetHints":{"allow":["GET"]}}],"collection":[{"href":"https:\/\/cigarquality.com\/ja\/wp-json\/wp\/v2\/product"}],"about":[{"href":"https:\/\/cigarquality.com\/ja\/wp-json\/wp\/v2\/types\/product"}],"wp:featuredmedia":[{"embeddable":true,"href":"https:\/\/cigarquality.com\/ja\/wp-json\/wp\/v2\/media\/45813"}],"wp:attachment":[{"href":"https:\/\/cigarquality.com\/ja\/wp-json\/wp\/v2\/media?parent=45807"}],"wp:term":[{"taxonomy":"product_brand","embeddable":true,"href":"https:\/\/cigarquality.com\/ja\/wp-json\/wp\/v2\/product_brand?post=45807"},{"taxonomy":"product_cat","embeddable":true,"href":"https:\/\/cigarquality.com\/ja\/wp-json\/wp\/v2\/product_cat?post=45807"},{"taxonomy":"product_tag","embeddable":true,"href":"https:\/\/cigarquality.com\/ja\/wp-json\/wp\/v2\/product_tag?post=45807"}],"curies":[{"name":"wp","href":"https:\/\/api.w.org\/{rel}","templated":true}]}}