{"id":45665,"date":"2018-12-05T11:26:24","date_gmt":"2018-12-05T10:26:24","guid":{"rendered":"https:\/\/cigarquality.com\/?post_type=product&#038;p=10169"},"modified":"2026-03-11T14:37:02","modified_gmt":"2026-03-11T13:37:02","slug":"don-carlos-reserva-edition-anniversaire-the-mans-80-ans-arturo-fuente-eye-of-the-shark","status":"publish","type":"product","link":"https:\/\/cigarquality.com\/ja\/boutique\/cigares-dominicains\/arturo-fuente\/arturo-fuente-don-carlos\/don-carlos-reserva-edition-anniversaire-the-mans-80-ans-arturo-fuente-eye-of-the-shark\/","title":{"rendered":"Arturo Fuente Don Carlos Edicion de Aniversario The Man 80th Eye of the Shark (20)"},"content":{"rendered":"<p>S\u2019il y a bien un cigare embl\u00e9matique \u00e9galement chez les Fuente, c\u2019est le cigare personnel de Carlos Fuente Senior, l\u2019Arturo Fuente Don Carlos Eye of the Shark !<\/p>\n<p><strong>Un cigare beaucoup plus doux que ses grands fr\u00e8res mais d\u2019une d\u00e9licatesse et d\u2019une complexit\u00e9 hors normes.<\/strong>\u00a0C\u2019est lui qui a donn\u00e9 naissance \u00e0 la gamme \u00ab Don Carlos \u00bb. Ne vous y trompez pas, il ne s\u2019agit pas d\u2019un module de plus dans cette gamme mais bien\u00a0<strong>d\u2019un cigare unique d\u00e9clin\u00e9 sp\u00e9cialement pour ce module qui, cette ann\u00e9e sera \u00e9galement en \u00ab Shark 77 \u00bb.<\/strong>\u00a0Le confort d\u2019un cigare rond en bouche et l\u2019avantage d\u2019une cendre encore plus compacte gr\u00e2ce au Box-pressed*.<\/p>\n<p>20\u672c\u5165\u308a\u3002.<\/p>\n<p><em>*Un cigare box-pressed est un cigare de forme carr\u00e9e. \u00c0 l\u2019origine, cette forme provenait de la pratique consistant \u00e0 emballer les cigares ronds dans des bo\u00eetes en carton, qui \u00e9taient ensuite compact\u00e9es \u00e0 l\u2019aide d\u2019une presse manuelle. Les cigares sont ainsi press\u00e9s les uns dans les autres et deviennent une forme \u201ccarr\u00e9e\u201d ou semi-carr\u00e9e. Aujourd\u2019hui, les fabricants de cigares utilisent des moules de forme carr\u00e9e ou une presse \u00e0 coffre en bois pour leurs cigares \u00e0 bo\u00eete press\u00e9e, obtenant ainsi une section carr\u00e9e plus d\u00e9finie.<\/em><\/p>","protected":false},"excerpt":{"rendered":"<p>20\u672c\u5165\u308a\u3002.<\/p>","protected":false},"featured_media":10167,"template":"","meta":{"_acf_changed":false},"product_brand":[],"product_cat":[16857,25187,19809,19812,16866],"product_tag":[2909,2910],"class_list":{"0":"post-45665","1":"product","2":"type-product","3":"status-publish","4":"has-post-thumbnail","6":"product_cat-arturo-fuente","7":"product_cat-arturo-fuente-don-carlos","8":"product_cat-cigares","9":"product_cat-cigares-dominicains","10":"product_cat-les-meilleurs-cigares","11":"product_tag-box-pressed","12":"product_tag-eye-of-the-shark","13":"product_shipping_class-cigares","15":"first","16":"outofstock","17":"taxable","18":"shipping-taxable","19":"purchasable","20":"product-type-simple"},"acf":[],"_links":{"self":[{"href":"https:\/\/cigarquality.com\/ja\/wp-json\/wp\/v2\/product\/45665","targetHints":{"allow":["GET"]}}],"collection":[{"href":"https:\/\/cigarquality.com\/ja\/wp-json\/wp\/v2\/product"}],"about":[{"href":"https:\/\/cigarquality.com\/ja\/wp-json\/wp\/v2\/types\/product"}],"wp:featuredmedia":[{"embeddable":true,"href":"https:\/\/cigarquality.com\/ja\/wp-json\/wp\/v2\/media\/10167"}],"wp:attachment":[{"href":"https:\/\/cigarquality.com\/ja\/wp-json\/wp\/v2\/media?parent=45665"}],"wp:term":[{"taxonomy":"product_brand","embeddable":true,"href":"https:\/\/cigarquality.com\/ja\/wp-json\/wp\/v2\/product_brand?post=45665"},{"taxonomy":"product_cat","embeddable":true,"href":"https:\/\/cigarquality.com\/ja\/wp-json\/wp\/v2\/product_cat?post=45665"},{"taxonomy":"product_tag","embeddable":true,"href":"https:\/\/cigarquality.com\/ja\/wp-json\/wp\/v2\/product_tag?post=45665"}],"curies":[{"name":"wp","href":"https:\/\/api.w.org\/{rel}","templated":true}]}}