{"id":45449,"date":"2018-12-26T18:28:19","date_gmt":"2018-12-26T17:28:19","guid":{"rendered":"https:\/\/cigarquality.com\/?post_type=product&#038;p=10659"},"modified":"2026-03-04T00:03:07","modified_gmt":"2026-03-03T23:03:07","slug":"esteli-club-no-1-8","status":"publish","type":"product","link":"https:\/\/cigarquality.com\/ja\/boutique\/cigares-nicaraguayens\/esteli-club\/esteli-club-no-1-8\/","title":{"rendered":"Esteli Club No.1 (8)"},"content":{"rendered":"<p>Cette vitole vient du Nicaragua de la ville d&rsquo;Esteli o\u00f9 la majorit\u00e9 des cigares nicaraguayens sont fabriqu\u00e9s. <strong>Les Esteli Club No.1 proviennent de la m\u00eame fabrique que les cigares Horacio.<\/strong> Le tabac provient de la <strong>\u00ab\u00a0Picadura\u00a0\u00bb<\/strong> des cigares Horacio, d\u2019o\u00f9 son prix extr\u00eamement avantageux.<\/p>\n<p><strong>Les cigares Esteli Club No.1 ont un rapport qualit\u00e9-prix exceptionnel.<\/strong><\/p>\n<p>Emballage de 8 cigares.<\/p>","protected":false},"excerpt":{"rendered":"<p>Bundle de 8 cigares.<\/p>","protected":false},"featured_media":45455,"template":"","meta":{"_acf_changed":false},"product_brand":[],"product_cat":[19809,24833,28952],"product_tag":[],"class_list":{"0":"post-45449","1":"product","2":"type-product","3":"status-publish","4":"has-post-thumbnail","6":"product_cat-cigares","7":"product_cat-cigares-nicaraguayens","8":"product_cat-esteli-club","9":"product_shipping_class-cigares","11":"first","12":"instock","13":"taxable","14":"shipping-taxable","15":"purchasable","16":"product-type-simple"},"acf":[],"_links":{"self":[{"href":"https:\/\/cigarquality.com\/ja\/wp-json\/wp\/v2\/product\/45449","targetHints":{"allow":["GET"]}}],"collection":[{"href":"https:\/\/cigarquality.com\/ja\/wp-json\/wp\/v2\/product"}],"about":[{"href":"https:\/\/cigarquality.com\/ja\/wp-json\/wp\/v2\/types\/product"}],"wp:featuredmedia":[{"embeddable":true,"href":"https:\/\/cigarquality.com\/ja\/wp-json\/wp\/v2\/media\/45455"}],"wp:attachment":[{"href":"https:\/\/cigarquality.com\/ja\/wp-json\/wp\/v2\/media?parent=45449"}],"wp:term":[{"taxonomy":"product_brand","embeddable":true,"href":"https:\/\/cigarquality.com\/ja\/wp-json\/wp\/v2\/product_brand?post=45449"},{"taxonomy":"product_cat","embeddable":true,"href":"https:\/\/cigarquality.com\/ja\/wp-json\/wp\/v2\/product_cat?post=45449"},{"taxonomy":"product_tag","embeddable":true,"href":"https:\/\/cigarquality.com\/ja\/wp-json\/wp\/v2\/product_tag?post=45449"}],"curies":[{"name":"wp","href":"https:\/\/api.w.org\/{rel}","templated":true}]}}