{"id":44161,"date":"2019-05-16T08:54:28","date_gmt":"2019-05-16T06:54:28","guid":{"rendered":"https:\/\/cigarquality.com\/?post_type=product&#038;p=14166"},"modified":"2025-07-25T13:28:29","modified_gmt":"2025-07-25T11:28:29","slug":"vegas-de-santiago-d8-emperador","status":"publish","type":"product","link":"https:\/\/cigarquality.com\/ja\/boutique\/cigares-costariciens\/vegas-de-santiago\/vegas-de-santiago-d8-emperador\/","title":{"rendered":"Vegas de Santiago D8 Emperador (20)"},"content":{"rendered":"<p>Le Vegas de Santiago D8 Emperador a <strong>un diam\u00e8tre de 23.8 mm qui lui conf\u00e8re une bonne prise en main.<\/strong> Cet empereur porte bien son nom et sa cape r\u00e9guli\u00e8re sans nervure est grasse et lisse. Les premi\u00e8res bouff\u00e9es sont tr\u00e8s g\u00e9n\u00e9reuses. Douce et suave, la fum\u00e9e caresse agr\u00e9ablement les papilles. Le cuir est bien pr\u00e9sent, les notes v\u00e9g\u00e9tales rappellent le Robusto. Plus l\u00e9ger sur le premier tiers que son petit fr\u00e8re, le divin gagne en caract\u00e8re.<\/p>\n<p>Des touches de sous-bois et d&rsquo;humus se m\u00e9langent agr\u00e9ablement au fruit \u00e0 coque. Le purin se concentre sur des notes plus bois\u00e9es.<\/p>\n<p><strong>Un empereur avec lequel vous passerez 1h30 en t\u00eate \u00e0 t\u00eate.<\/strong><\/p>","protected":false},"excerpt":{"rendered":"<p>20\u672c\u5165\u308a\u3002.<\/p>","protected":false},"featured_media":44163,"template":"","meta":{"_acf_changed":false},"product_brand":[],"product_cat":[19809,25624,26743],"product_tag":[1849,9251,9239],"class_list":{"0":"post-44161","1":"product","2":"type-product","3":"status-publish","4":"has-post-thumbnail","6":"product_cat-cigares","7":"product_cat-cigares-costariciens","8":"product_cat-vegas-de-santiago","9":"product_tag-cuir","10":"product_tag-notes-vegetales","11":"product_tag-sous-bois","12":"product_shipping_class-cigares","14":"first","15":"instock","16":"sale","17":"taxable","18":"shipping-taxable","19":"purchasable","20":"product-type-simple"},"acf":[],"_links":{"self":[{"href":"https:\/\/cigarquality.com\/ja\/wp-json\/wp\/v2\/product\/44161","targetHints":{"allow":["GET"]}}],"collection":[{"href":"https:\/\/cigarquality.com\/ja\/wp-json\/wp\/v2\/product"}],"about":[{"href":"https:\/\/cigarquality.com\/ja\/wp-json\/wp\/v2\/types\/product"}],"wp:featuredmedia":[{"embeddable":true,"href":"https:\/\/cigarquality.com\/ja\/wp-json\/wp\/v2\/media\/44163"}],"wp:attachment":[{"href":"https:\/\/cigarquality.com\/ja\/wp-json\/wp\/v2\/media?parent=44161"}],"wp:term":[{"taxonomy":"product_brand","embeddable":true,"href":"https:\/\/cigarquality.com\/ja\/wp-json\/wp\/v2\/product_brand?post=44161"},{"taxonomy":"product_cat","embeddable":true,"href":"https:\/\/cigarquality.com\/ja\/wp-json\/wp\/v2\/product_cat?post=44161"},{"taxonomy":"product_tag","embeddable":true,"href":"https:\/\/cigarquality.com\/ja\/wp-json\/wp\/v2\/product_tag?post=44161"}],"curies":[{"name":"wp","href":"https:\/\/api.w.org\/{rel}","templated":true}]}}