{"id":44085,"date":"2019-05-31T15:24:08","date_gmt":"2019-05-31T14:24:08","guid":{"rendered":"https:\/\/cigarquality.com\/?post_type=product&#038;p=14589"},"modified":"2026-01-05T09:32:31","modified_gmt":"2026-01-05T08:32:31","slug":"vegafina-prominente-25","status":"publish","type":"product","link":"https:\/\/cigarquality.com\/ja\/boutique\/cigares-dominicains\/vegafina\/vegafina-classic\/vegafina-prominente-25\/","title":{"rendered":"\u30d9\u30ac\u30d5\u30a3\u30fc\u30ca\u30fb\u30d7\u30ed\u30df\u30cd\u30f3\u30c6 (25)"},"content":{"rendered":"<p>Le VegaFina Prominente est un Double Corona doux et cr\u00e9meux au d\u00e9licat go\u00fbt d\u2019\u00e9pices, l\u2019un des meilleurs de R\u00e9publique dominicaine, avec un tr\u00e8s bon rapport qualit\u00e9-prix. Notes de bois, d&rsquo;amande, de caf\u00e9 et de poivre subtile<strong>.<\/strong> Ce cigare d\u00e9ploie des ar\u00f4mes de cr\u00e8me avec un arri\u00e8re-go\u00fbt l\u00e9g\u00e8rement noisette pour l\u2019\u00e9quilibrer.<\/p>\n<p>\u8449\u5dfb25\u672c\u5165\u308a\u3002.<\/p>\n<p class=\"p1\">","protected":false},"excerpt":{"rendered":"<p>\u8449\u5dfb25\u672c\u5165\u308a\u3002.<\/p>","protected":false},"featured_media":44087,"template":"","meta":{"_acf_changed":false},"product_brand":[],"product_cat":[19809,19812,26544,26546],"product_tag":[],"class_list":{"0":"post-44085","1":"product","2":"type-product","3":"status-publish","4":"has-post-thumbnail","6":"product_cat-cigares","7":"product_cat-cigares-dominicains","8":"product_cat-vegafina","9":"product_cat-vegafina-classic","10":"product_shipping_class-cigares","12":"first","13":"instock","14":"taxable","15":"shipping-taxable","16":"purchasable","17":"product-type-simple"},"acf":[],"_links":{"self":[{"href":"https:\/\/cigarquality.com\/ja\/wp-json\/wp\/v2\/product\/44085","targetHints":{"allow":["GET"]}}],"collection":[{"href":"https:\/\/cigarquality.com\/ja\/wp-json\/wp\/v2\/product"}],"about":[{"href":"https:\/\/cigarquality.com\/ja\/wp-json\/wp\/v2\/types\/product"}],"wp:featuredmedia":[{"embeddable":true,"href":"https:\/\/cigarquality.com\/ja\/wp-json\/wp\/v2\/media\/44087"}],"wp:attachment":[{"href":"https:\/\/cigarquality.com\/ja\/wp-json\/wp\/v2\/media?parent=44085"}],"wp:term":[{"taxonomy":"product_brand","embeddable":true,"href":"https:\/\/cigarquality.com\/ja\/wp-json\/wp\/v2\/product_brand?post=44085"},{"taxonomy":"product_cat","embeddable":true,"href":"https:\/\/cigarquality.com\/ja\/wp-json\/wp\/v2\/product_cat?post=44085"},{"taxonomy":"product_tag","embeddable":true,"href":"https:\/\/cigarquality.com\/ja\/wp-json\/wp\/v2\/product_tag?post=44085"}],"curies":[{"name":"wp","href":"https:\/\/api.w.org\/{rel}","templated":true}]}}