{"id":44055,"date":"2019-06-04T12:12:35","date_gmt":"2019-06-04T11:12:35","guid":{"rendered":"https:\/\/cigarquality.com\/?post_type=product&#038;p=14623"},"modified":"2026-03-27T21:09:03","modified_gmt":"2026-03-27T20:09:03","slug":"vegafina-short-robusto-25","status":"publish","type":"product","link":"https:\/\/cigarquality.com\/ja\/boutique\/cigares-dominicains\/vegafina\/vegafina-classic\/vegafina-short-robusto-25\/","title":{"rendered":"\u30d9\u30ac\u30d5\u30a3\u30ca \u30b7\u30e7\u30fc\u30c8\u30ed\u30d6\u30b9\u30c8 (25)"},"content":{"rendered":"<p>Les cigares Vegafina Short Robusto sont des classiques absolus qui conviennent \u00e0 tout moment de la journ\u00e9e.<\/p>\n<p>Le nom \u00ab\u00a0VegaFina\u00a0\u00bb, qui signifie \u00ab\u00a0terre fertile\u00a0\u00bb, d\u00e9crit la combinaison d&rsquo;un parfait jeu de soleil, d&rsquo;humidit\u00e9 et de conditions de sol. Le cigare exclusif VegaFina est roul\u00e9 \u00e0 la main \u00e0 La Romana (R\u00e9publique dominicaine) selon une proc\u00e9dure traditionnelle. Ils sont roul\u00e9s dans l&rsquo;usine Tabacalera de Garcia et emball\u00e9s dans des bo\u00eetes de 25.<\/p>","protected":false},"excerpt":{"rendered":"<p>\u8449\u5dfb25\u672c\u5165\u308a\u3002.<\/p>","protected":false},"featured_media":44057,"template":"","meta":{"_acf_changed":false},"product_brand":[],"product_cat":[19809,19812,26544,26546],"product_tag":[],"class_list":{"0":"post-44055","1":"product","2":"type-product","3":"status-publish","4":"has-post-thumbnail","6":"product_cat-cigares","7":"product_cat-cigares-dominicains","8":"product_cat-vegafina","9":"product_cat-vegafina-classic","10":"product_shipping_class-cigares","12":"first","13":"instock","14":"taxable","15":"shipping-taxable","16":"purchasable","17":"product-type-simple"},"acf":[],"_links":{"self":[{"href":"https:\/\/cigarquality.com\/ja\/wp-json\/wp\/v2\/product\/44055","targetHints":{"allow":["GET"]}}],"collection":[{"href":"https:\/\/cigarquality.com\/ja\/wp-json\/wp\/v2\/product"}],"about":[{"href":"https:\/\/cigarquality.com\/ja\/wp-json\/wp\/v2\/types\/product"}],"wp:featuredmedia":[{"embeddable":true,"href":"https:\/\/cigarquality.com\/ja\/wp-json\/wp\/v2\/media\/44057"}],"wp:attachment":[{"href":"https:\/\/cigarquality.com\/ja\/wp-json\/wp\/v2\/media?parent=44055"}],"wp:term":[{"taxonomy":"product_brand","embeddable":true,"href":"https:\/\/cigarquality.com\/ja\/wp-json\/wp\/v2\/product_brand?post=44055"},{"taxonomy":"product_cat","embeddable":true,"href":"https:\/\/cigarquality.com\/ja\/wp-json\/wp\/v2\/product_cat?post=44055"},{"taxonomy":"product_tag","embeddable":true,"href":"https:\/\/cigarquality.com\/ja\/wp-json\/wp\/v2\/product_tag?post=44055"}],"curies":[{"name":"wp","href":"https:\/\/api.w.org\/{rel}","templated":true}]}}