{"id":43812,"date":"2019-08-09T15:32:27","date_gmt":"2019-08-09T13:32:27","guid":{"rendered":"https:\/\/cigarquality.com\/?post_type=product&#038;p=16606"},"modified":"2026-03-11T14:36:59","modified_gmt":"2026-03-11T13:36:59","slug":"arturo-fuente-opus-x-magnum-o-36","status":"publish","type":"product","link":"https:\/\/cigarquality.com\/ja\/boutique\/cigares-dominicains\/arturo-fuente\/fuente-fuente-opus-x\/fuente-fuente-opus-x-classic\/arturo-fuente-opus-x-magnum-o-36\/","title":{"rendered":"Arturo Fuente FFOX Magnum O (36)"},"content":{"rendered":"<p><strong>L&rsquo;Opus X Arturo Fuente Opus X Magnum O<\/strong> est un cigare de premi\u00e8re qualit\u00e9 fabriqu\u00e9 \u00e0 la main, qui offre une exp\u00e9rience raffin\u00e9e aux amateurs de fum\u00e9e. Ce m\u00e9lange est obtenu \u00e0 partir d\u2019une combinaison de tabacs 100% dominicains vintages. Pour les couvrir, ils ont choisi une cape secr\u00e8te qui d\u00e9gage une fum\u00e9e riche et \u00e9pic\u00e9e. Cors\u00e9s, ces cigares offrent des saveurs riches qui satisferont les papilles gustatives. Sup\u00e9rieurs dans leur construction, ils tirent sans effort et br\u00fblent en douceur.<\/p>\n<p><strong>Les cigares Arturo Fuente Opus X Magnum O<\/strong> sont fabriqu\u00e9s dans une longueur de 120 mm et un diam\u00e8tre de 22.04 mm (56), qui est un Robusto. L&#8217;emballage est fait d&rsquo;une bo\u00eete en bois contenant <strong>36 cigares.<\/strong><\/p>","protected":false},"excerpt":{"rendered":"<p>\u8449\u5dfb36\u672c\u5165\u308a\u3002.<\/p>","protected":false},"featured_media":43818,"template":"","meta":{"_acf_changed":false},"product_brand":[],"product_cat":[16857,19809,19812,24616,45768],"product_tag":[11633,1623],"class_list":{"0":"post-43812","1":"product","2":"type-product","3":"status-publish","4":"has-post-thumbnail","6":"product_cat-arturo-fuente","7":"product_cat-cigares","8":"product_cat-cigares-dominicains","9":"product_cat-fuente-fuente-opus-x","10":"product_cat-fuente-fuente-opus-x-classic","11":"product_tag-magnum","12":"product_tag-opus-x","13":"product_shipping_class-cigares","15":"first","16":"instock","17":"taxable","18":"shipping-taxable","19":"purchasable","20":"product-type-simple"},"acf":[],"_links":{"self":[{"href":"https:\/\/cigarquality.com\/ja\/wp-json\/wp\/v2\/product\/43812","targetHints":{"allow":["GET"]}}],"collection":[{"href":"https:\/\/cigarquality.com\/ja\/wp-json\/wp\/v2\/product"}],"about":[{"href":"https:\/\/cigarquality.com\/ja\/wp-json\/wp\/v2\/types\/product"}],"wp:featuredmedia":[{"embeddable":true,"href":"https:\/\/cigarquality.com\/ja\/wp-json\/wp\/v2\/media\/43818"}],"wp:attachment":[{"href":"https:\/\/cigarquality.com\/ja\/wp-json\/wp\/v2\/media?parent=43812"}],"wp:term":[{"taxonomy":"product_brand","embeddable":true,"href":"https:\/\/cigarquality.com\/ja\/wp-json\/wp\/v2\/product_brand?post=43812"},{"taxonomy":"product_cat","embeddable":true,"href":"https:\/\/cigarquality.com\/ja\/wp-json\/wp\/v2\/product_cat?post=43812"},{"taxonomy":"product_tag","embeddable":true,"href":"https:\/\/cigarquality.com\/ja\/wp-json\/wp\/v2\/product_tag?post=43812"}],"curies":[{"name":"wp","href":"https:\/\/api.w.org\/{rel}","templated":true}]}}