{"id":43804,"date":"2019-08-09T16:28:36","date_gmt":"2019-08-09T14:28:36","guid":{"rendered":"https:\/\/cigarquality.com\/?post_type=product&#038;p=16611"},"modified":"2026-03-11T14:37:23","modified_gmt":"2026-03-11T13:37:23","slug":"arturo-fuente-opus-x-perfecxion-no-77-shark-36","status":"publish","type":"product","link":"https:\/\/cigarquality.com\/ja\/boutique\/cigares-dominicains\/arturo-fuente\/fuente-fuente-opus-x\/fuente-fuente-opus-x-classic\/arturo-fuente-opus-x-perfecxion-no-77-shark-36\/","title":{"rendered":"\u30a2\u30eb\u30c8\u30a5\u30fc\u30ed\u30fb\u30d5\u30a8\u30f3\u30c6 FFOX \u30da\u30eb\u30d5\u30a7\u30af\u30b7\u30aa\u30f3 No.77 \u30b7\u30e3\u30fc\u30af (36)"},"content":{"rendered":"<p>Consid\u00e9r\u00e9 comme le premier puro de la R\u00e9publique dominicaine, l&rsquo;Arturo Fuente\u00a0Opus X Perfecxion No. 77 Shark (36) est un Torpedo hors du commun, <strong>consid\u00e9r\u00e9 par les amateurs de cigares comme l&rsquo;incarnation de la fabrication de cigares.<\/strong> Une cape naturelle recouvre habilement la sous-cape et la tripe Arturo Fuente Opus X Perfecxion \u00e0 base de tabacs dominicains de qualit\u00e9 sup\u00e9rieure. La fum\u00e9e de l&rsquo;Arturo Fuente\u00a0Opus X Perfecxion No. 77 Shark est une fum\u00e9e cors\u00e9e, pleine de puissance, avec une construction parfaite et un profil d\u2019ar\u00f4me cr\u00e9meux compos\u00e9 de vanille et de c\u00e8dre avec un soup\u00e7on d\u2019\u00e9pice.<\/p>","protected":false},"excerpt":{"rendered":"<p>\u8449\u5dfb36\u672c\u5165\u308a\u3002.<\/p>","protected":false},"featured_media":43810,"template":"","meta":{"_acf_changed":false},"product_brand":[],"product_cat":[16857,19809,19812,24616,45768],"product_tag":[26145,11645,20509,941,20416,2095,1623,24623,26148,11644,940,20527],"class_list":{"0":"post-43804","1":"product","2":"type-product","3":"status-publish","4":"has-post-thumbnail","6":"product_cat-arturo-fuente","7":"product_cat-cigares","8":"product_cat-cigares-dominicains","9":"product_cat-fuente-fuente-opus-x","10":"product_cat-fuente-fuente-opus-x-classic","11":"product_tag-77-shark-2","12":"product_tag-77-shark","13":"product_tag-cedre-2","14":"product_tag-cedre","15":"product_tag-epices-2","16":"product_tag-epices","17":"product_tag-opus-x","18":"product_tag-opus-x-2","19":"product_tag-perfecxion-2","20":"product_tag-perfecxion","21":"product_tag-vanille","22":"product_tag-vanille-2","23":"product_shipping_class-cigares","25":"first","26":"instock","27":"taxable","28":"shipping-taxable","29":"purchasable","30":"product-type-simple"},"acf":[],"_links":{"self":[{"href":"https:\/\/cigarquality.com\/ja\/wp-json\/wp\/v2\/product\/43804","targetHints":{"allow":["GET"]}}],"collection":[{"href":"https:\/\/cigarquality.com\/ja\/wp-json\/wp\/v2\/product"}],"about":[{"href":"https:\/\/cigarquality.com\/ja\/wp-json\/wp\/v2\/types\/product"}],"wp:featuredmedia":[{"embeddable":true,"href":"https:\/\/cigarquality.com\/ja\/wp-json\/wp\/v2\/media\/43810"}],"wp:attachment":[{"href":"https:\/\/cigarquality.com\/ja\/wp-json\/wp\/v2\/media?parent=43804"}],"wp:term":[{"taxonomy":"product_brand","embeddable":true,"href":"https:\/\/cigarquality.com\/ja\/wp-json\/wp\/v2\/product_brand?post=43804"},{"taxonomy":"product_cat","embeddable":true,"href":"https:\/\/cigarquality.com\/ja\/wp-json\/wp\/v2\/product_cat?post=43804"},{"taxonomy":"product_tag","embeddable":true,"href":"https:\/\/cigarquality.com\/ja\/wp-json\/wp\/v2\/product_tag?post=43804"}],"curies":[{"name":"wp","href":"https:\/\/api.w.org\/{rel}","templated":true}]}}