{"id":43416,"date":"2019-10-10T15:38:13","date_gmt":"2019-10-10T14:38:13","guid":{"rendered":"https:\/\/cigarquality.com\/?post_type=product&#038;p=21073"},"modified":"2025-07-25T13:56:08","modified_gmt":"2025-07-25T11:56:08","slug":"padron-six-corticos-maduro-6","status":"publish","type":"product","link":"https:\/\/cigarquality.com\/ja\/boutique\/cigares-nicaraguayens\/padron\/padron-series\/padron-six-corticos-maduro-6\/","title":{"rendered":"Padron Six Corticos Maduro (6)"},"content":{"rendered":"<p>Le cigare Padron Six Corticos Maduro fait partie de la ligne des cigares Padron s\u00e9rie Classic ou \u00ab\u00a0Padron Thousand S\u00e9ries\u00a0\u00bb.<\/p>\n<p>C&rsquo;est le plus petit module de la s\u00e9rie. Le Padron Six Corticos Maduro mesure 108 mm de longueur pour un diam\u00e8tre de 14.17 mm. Il s&rsquo;agit d&rsquo;un puro nicaraguayens ce qui signifie que tous les tabacs qui le composent sont des tabacs cultiv\u00e9s au Nicaragua. A la d\u00e9gustation ce cigarillo offre des notes terreuses et l\u00e9g\u00e8rement \u00e9pic\u00e9es, c&rsquo;est un cigare consid\u00e9r\u00e9 comme moyennement \u00e0 assez cors\u00e9.<\/p>\n<p>Il existe aussi avec une cape plus claire dite Natural. Pour consommer ce cigare, comptez environ 20 minutes. Vous trouverez uniquement ce cigare en bo\u00eete m\u00e9tallique de 6. Les autres modules de la s\u00e9rie Classic sont les Padron 2000, 3000, 4000, 5000, 6000, 7000, Magnum, Executive, Churchill, Delicias et Londres.<\/p>\n<p>La marque Padron n&rsquo;a plus besoin d&rsquo;\u00eatre pr\u00e9sent\u00e9e, les cigares Padron sont devenus une r\u00e9f\u00e9rence dans l&rsquo;industrie et sont parmi les plus r\u00e9put\u00e9s et savoureux \u00e0 travers la plan\u00e8te. Les membres de la famille Padron expliquent le mieux leur riche h\u00e9ritage : \u00a0\u00bb la famille Padron comprend que faire un bon cigare demande du temps et de l&rsquo;exp\u00e9rience, notre patriarche Damaso Padron a commenc\u00e9 \u00e0 cultiver l&rsquo;h\u00e9ritage de la famille dans les ann\u00e9es 1800 \u00e0 Pinar Del Rio, la r\u00e9gion de tabac la plus riche de Cuba.<\/p>","protected":false},"excerpt":{"rendered":"<p>Bo\u00eete de 6 cigares.<\/p>","protected":false},"featured_media":43422,"template":"","meta":{"_acf_changed":false},"product_brand":[],"product_cat":[19809,24833,25449,25451],"product_tag":[626,942],"class_list":{"0":"post-43416","1":"product","2":"type-product","3":"status-publish","4":"has-post-thumbnail","6":"product_cat-cigares","7":"product_cat-cigares-nicaraguayens","8":"product_cat-padron","9":"product_cat-padron-series","10":"product_tag-cacao","11":"product_tag-cafe","12":"product_shipping_class-cigares","14":"first","15":"outofstock","16":"taxable","17":"shipping-taxable","18":"purchasable","19":"product-type-simple"},"acf":[],"_links":{"self":[{"href":"https:\/\/cigarquality.com\/ja\/wp-json\/wp\/v2\/product\/43416","targetHints":{"allow":["GET"]}}],"collection":[{"href":"https:\/\/cigarquality.com\/ja\/wp-json\/wp\/v2\/product"}],"about":[{"href":"https:\/\/cigarquality.com\/ja\/wp-json\/wp\/v2\/types\/product"}],"wp:featuredmedia":[{"embeddable":true,"href":"https:\/\/cigarquality.com\/ja\/wp-json\/wp\/v2\/media\/43422"}],"wp:attachment":[{"href":"https:\/\/cigarquality.com\/ja\/wp-json\/wp\/v2\/media?parent=43416"}],"wp:term":[{"taxonomy":"product_brand","embeddable":true,"href":"https:\/\/cigarquality.com\/ja\/wp-json\/wp\/v2\/product_brand?post=43416"},{"taxonomy":"product_cat","embeddable":true,"href":"https:\/\/cigarquality.com\/ja\/wp-json\/wp\/v2\/product_cat?post=43416"},{"taxonomy":"product_tag","embeddable":true,"href":"https:\/\/cigarquality.com\/ja\/wp-json\/wp\/v2\/product_tag?post=43416"}],"curies":[{"name":"wp","href":"https:\/\/api.w.org\/{rel}","templated":true}]}}