{"id":42693,"date":"2020-01-20T15:48:00","date_gmt":"2020-01-20T14:48:00","guid":{"rendered":"https:\/\/cigarquality.com\/?post_type=product&#038;p=31099"},"modified":"2025-07-25T13:56:14","modified_gmt":"2025-07-25T11:56:14","slug":"humidor-gloria-cubana-500-years-havana","status":"publish","type":"product","link":"https:\/\/cigarquality.com\/ja\/boutique\/cigares-cubains\/la-gloria-cubana\/humidor-gloria-cubana-500-years-havana\/","title":{"rendered":"\u30b0\u30ed\u30ea\u30a2\u30fb\u30af\u30d0\u30fc\u30ca-500\u5e74 \u30cf\u30d0\u30ca (50)"},"content":{"rendered":"<p>Intertabak AG annonce le lancement de l&rsquo;humidor \u00e9dition r\u00e9gionale suisse \u00abHumidor Gloria Cubana &#8211; 500 Years Havana\u00bb.<\/p>\n<p>Cette cave \u00e0 cigares combine la marque et le cigare \u00abLa Gloria Cubana Orgullosos\u00bb, les 500 ans de La Havane et l&rsquo;histoire de la Giraldilla comme le plus ancien symbole de La Habana.<\/p>\n<p>Le th\u00e8me principal de cette pi\u00e8ce est port\u00e9 par la Giraldilla et l&rsquo;histoire derri\u00e8re et s&rsquo;int\u00e8gre parfaitement avec l&rsquo;anniversaire de La Habana.<\/p>\n<p>Selon la l\u00e9gende, le sculpteur Geronimo Martinez Pinzon a cr\u00e9\u00e9 la statue de La Giraldilla \u00e0 l&rsquo;image de Dona Ines de Bobadilla.\u00a0Dona Ines montait tous les jours \u00e0 la tour de guet, regardant l&rsquo;horizon en attendant que son mari revienne de ses voyages.\u00a0Les tiroirs ont ici une double signification, d&rsquo;abord comme 5 marches, chacune repr\u00e9sentant un si\u00e8cle de La Habana et en m\u00eame temps repr\u00e9sentant la mer.\u00a0Les inserts blancs des tiroirs repr\u00e9sentent l&rsquo;\u00e9cume de mer et les frontaux sont des poign\u00e9es permettant d&rsquo;ouvrir les tiroirs et d&rsquo;acc\u00e9der aux caisses de La Gloria Cubana Orgullosos.<\/p>\n<p>Production de 100 humidores &#8211; Estuche\u00a0 num\u00e9rot\u00e9s de 1 \u00e0 100,\u00a0 produits \u00e0 Cuba par la soci\u00e9t\u00e9 Humidores Habana. Chaque humidor contiendra 5 bo\u00eetes de notre \u00e9dition r\u00e9gionale 2018 &#8211; La Gloria Cubana Orgullosos. Donc un total de 50 cigares par humidor. Ces magnifiques pi\u00e8ces de collection sont uniquement destin\u00e9es au march\u00e9 Suisse, et propos\u00e9es exclusivement par les Casa Del Habano Suisse et les Boutiques haut de gamme Habanos Sp\u00e9cialiste tri\u00e9es sur le volet par Intertabak AG et Habanos SA.<\/p>\n<p><strong>Humidor Gloria Cubana &#8211; 500 Years Havana:<br \/>\n<\/strong><strong>Seulement disponible en Suisse<br \/>\n<\/strong><strong>Production\u00a0: 100 humidors num\u00e9rot\u00e9s<br \/>\n<\/strong><strong>Humidor :<\/strong> Longueur 51 cm \/ Largeur 50 cm\/ Hauteur 53 cm \/ Poids environ 16 Kg<br \/>\nUn Humidor contient 5 boites de Gloria Cubana Orgullosos de 10 cigares (Total 50 cigares par Humidor).<br \/>\n<strong>Format :<\/strong> 109 (50 x 184mm)<\/p>","protected":false},"excerpt":{"rendered":"<p>\u8449\u5dfb50\u672c\u5165\u308a\u30d2\u30e5\u30df\u30c9\u30fc\u30eb\u3002.<\/p>","protected":false},"featured_media":31115,"template":"","meta":{"_acf_changed":false},"product_brand":[],"product_cat":[19845,19788,19877,19873,19793,21524,23790],"product_tag":[13826,11811],"class_list":{"0":"post-42693","1":"product","2":"type-product","3":"status-publish","4":"has-post-thumbnail","6":"product_cat-cigares-cubains","7":"product_cat-collection-privee","8":"product_cat-edicion-limitada","9":"product_cat-edicion-regional","10":"product_cat-hard-to-find","11":"product_cat-humidors","12":"product_cat-la-gloria-cubana","13":"product_tag-gloria-cubana-orgullosos","14":"product_tag-la-gloria-cubana","15":"product_shipping_class-humidor-avec-cigares","17":"first","18":"outofstock","19":"taxable","20":"shipping-taxable","21":"purchasable","22":"product-type-simple"},"acf":[],"_links":{"self":[{"href":"https:\/\/cigarquality.com\/ja\/wp-json\/wp\/v2\/product\/42693","targetHints":{"allow":["GET"]}}],"collection":[{"href":"https:\/\/cigarquality.com\/ja\/wp-json\/wp\/v2\/product"}],"about":[{"href":"https:\/\/cigarquality.com\/ja\/wp-json\/wp\/v2\/types\/product"}],"wp:featuredmedia":[{"embeddable":true,"href":"https:\/\/cigarquality.com\/ja\/wp-json\/wp\/v2\/media\/31115"}],"wp:attachment":[{"href":"https:\/\/cigarquality.com\/ja\/wp-json\/wp\/v2\/media?parent=42693"}],"wp:term":[{"taxonomy":"product_brand","embeddable":true,"href":"https:\/\/cigarquality.com\/ja\/wp-json\/wp\/v2\/product_brand?post=42693"},{"taxonomy":"product_cat","embeddable":true,"href":"https:\/\/cigarquality.com\/ja\/wp-json\/wp\/v2\/product_cat?post=42693"},{"taxonomy":"product_tag","embeddable":true,"href":"https:\/\/cigarquality.com\/ja\/wp-json\/wp\/v2\/product_tag?post=42693"}],"curies":[{"name":"wp","href":"https:\/\/api.w.org\/{rel}","templated":true}]}}