{"id":42543,"date":"2020-01-27T11:48:05","date_gmt":"2020-01-27T10:48:05","guid":{"rendered":"https:\/\/cigarquality.com\/?post_type=product&#038;p=31659"},"modified":"2025-10-15T14:44:55","modified_gmt":"2025-10-15T12:44:55","slug":"xikar-flash-blue-506bl","status":"publish","type":"product","link":"https:\/\/cigarquality.com\/ja\/boutique\/accessoires-cigares\/briquets\/xikar\/simple-flamme\/flash\/xikar-flash-blue-506bl\/","title":{"rendered":"\u30b6\u30a4\u30ab\u30fc \u30d5\u30e9\u30c3\u30b7\u30e5\u30e9\u30a4\u30bf\u30fc \u30d6\u30eb\u30fc 506BL"},"content":{"rendered":"<p>Les briquets Xikar Flash Blue disposent d&rsquo;un grand r\u00e9servoir de carburant, d&rsquo;une flamme \u00e0 jet unique et d&rsquo;un style de carrosserie durable qui respecte l&rsquo;engagement de XIKAR en mati\u00e8re de forme, de sensation et de fonction.<\/p>\n<p><strong>\u30ab\u30e9\u30fc\uff1a<\/strong> \u30d6\u30eb\u30fc<br \/>\n<strong>\u708e\uff1a<\/strong> \u30b7\u30f3\u30b0\u30eb\u30d5\u30ec\u30fc\u30e0<br \/>\n<strong>\u5bf8\u6cd5\uff1a <\/strong>15 mm x 39 mm x 73 mm<br \/>\n<strong>\u91cd\u91cf\uff1a <\/strong>54 grammes<\/p>","protected":false},"excerpt":{"rendered":"<p>\u5358\u767a\u5f0f\u30b8\u30a7\u30c3\u30c8\u30e9\u30a4\u30bf\u30fc\u3002.<\/p>","protected":false},"featured_media":42545,"template":"","meta":{"_acf_changed":false},"product_brand":[],"product_cat":[21754,21984,23422,23214,23212],"product_tag":[],"class_list":{"0":"post-42543","1":"product","2":"type-product","3":"status-publish","4":"has-post-thumbnail","6":"product_cat-accessoires-cigares","7":"product_cat-briquets","8":"product_cat-flash","9":"product_cat-simple-flamme","10":"product_cat-xikar","11":"product_shipping_class-briquet","13":"first","14":"instock","15":"taxable","16":"shipping-taxable","17":"purchasable","18":"product-type-simple"},"acf":[],"_links":{"self":[{"href":"https:\/\/cigarquality.com\/ja\/wp-json\/wp\/v2\/product\/42543","targetHints":{"allow":["GET"]}}],"collection":[{"href":"https:\/\/cigarquality.com\/ja\/wp-json\/wp\/v2\/product"}],"about":[{"href":"https:\/\/cigarquality.com\/ja\/wp-json\/wp\/v2\/types\/product"}],"wp:featuredmedia":[{"embeddable":true,"href":"https:\/\/cigarquality.com\/ja\/wp-json\/wp\/v2\/media\/42545"}],"wp:attachment":[{"href":"https:\/\/cigarquality.com\/ja\/wp-json\/wp\/v2\/media?parent=42543"}],"wp:term":[{"taxonomy":"product_brand","embeddable":true,"href":"https:\/\/cigarquality.com\/ja\/wp-json\/wp\/v2\/product_brand?post=42543"},{"taxonomy":"product_cat","embeddable":true,"href":"https:\/\/cigarquality.com\/ja\/wp-json\/wp\/v2\/product_cat?post=42543"},{"taxonomy":"product_tag","embeddable":true,"href":"https:\/\/cigarquality.com\/ja\/wp-json\/wp\/v2\/product_tag?post=42543"}],"curies":[{"name":"wp","href":"https:\/\/api.w.org\/{rel}","templated":true}]}}