{"id":42525,"date":"2020-01-27T14:24:13","date_gmt":"2020-01-27T13:24:13","guid":{"rendered":"https:\/\/cigarquality.com\/?post_type=product&#038;p=31670"},"modified":"2025-10-10T08:00:13","modified_gmt":"2025-10-10T06:00:13","slug":"xikar-flash-black-506bk","status":"publish","type":"product","link":"https:\/\/cigarquality.com\/ja\/boutique\/accessoires-cigares\/briquets\/xikar\/simple-flamme\/flash\/xikar-flash-black-506bk\/","title":{"rendered":"Briquet Xikar Flash Black 506BK"},"content":{"rendered":"<p>Les briquets Xikar Flash Black (Noir) disposent d&rsquo;un grand r\u00e9servoir de carburant, d&rsquo;une flamme \u00e0 jet unique et d&rsquo;un style de carrosserie durable qui respecte l&rsquo;engagement de XIKAR en mati\u00e8re de forme, de sensation et de fonction.<\/p>\n<p><strong>Couleur :<\/strong> Noir (Black)<br \/>\n<strong>Flamme :<\/strong> Simple flamme<br \/>\n<strong>Dimensions : <\/strong>15 mm x 39 mm x 73 mm<br \/>\n<strong>Poids : <\/strong>54 grammes<\/p>","protected":false},"excerpt":{"rendered":"<p>\u5358\u767a\u5f0f\u30b8\u30a7\u30c3\u30c8\u30e9\u30a4\u30bf\u30fc\u3002.<\/p>","protected":false},"featured_media":42529,"template":"","meta":{"_acf_changed":false},"product_brand":[],"product_cat":[21754,21984,23422,23214,23212],"product_tag":[],"class_list":{"0":"post-42525","1":"product","2":"type-product","3":"status-publish","4":"has-post-thumbnail","6":"product_cat-accessoires-cigares","7":"product_cat-briquets","8":"product_cat-flash","9":"product_cat-simple-flamme","10":"product_cat-xikar","11":"product_shipping_class-briquet","13":"first","14":"outofstock","15":"taxable","16":"shipping-taxable","17":"purchasable","18":"product-type-simple"},"acf":[],"_links":{"self":[{"href":"https:\/\/cigarquality.com\/ja\/wp-json\/wp\/v2\/product\/42525","targetHints":{"allow":["GET"]}}],"collection":[{"href":"https:\/\/cigarquality.com\/ja\/wp-json\/wp\/v2\/product"}],"about":[{"href":"https:\/\/cigarquality.com\/ja\/wp-json\/wp\/v2\/types\/product"}],"wp:featuredmedia":[{"embeddable":true,"href":"https:\/\/cigarquality.com\/ja\/wp-json\/wp\/v2\/media\/42529"}],"wp:attachment":[{"href":"https:\/\/cigarquality.com\/ja\/wp-json\/wp\/v2\/media?parent=42525"}],"wp:term":[{"taxonomy":"product_brand","embeddable":true,"href":"https:\/\/cigarquality.com\/ja\/wp-json\/wp\/v2\/product_brand?post=42525"},{"taxonomy":"product_cat","embeddable":true,"href":"https:\/\/cigarquality.com\/ja\/wp-json\/wp\/v2\/product_cat?post=42525"},{"taxonomy":"product_tag","embeddable":true,"href":"https:\/\/cigarquality.com\/ja\/wp-json\/wp\/v2\/product_tag?post=42525"}],"curies":[{"name":"wp","href":"https:\/\/api.w.org\/{rel}","templated":true}]}}