{"id":42509,"date":"2020-01-27T15:17:18","date_gmt":"2020-01-27T14:17:18","guid":{"rendered":"https:\/\/cigarquality.com\/?post_type=product&#038;p=31686"},"modified":"2025-07-25T13:30:58","modified_gmt":"2025-07-25T11:30:58","slug":"xikar-forte-red-523rd","status":"publish","type":"product","link":"https:\/\/cigarquality.com\/ja\/boutique\/accessoires-cigares\/briquets\/xikar\/simple-flamme\/forte\/xikar-forte-red-523rd\/","title":{"rendered":"\u30b6\u30a4\u30ab\u30fc\u30fb\u30d5\u30a9\u30eb\u30c6\u30fb\u30ec\u30c3\u30c9523RD\u30e9\u30a4\u30bf\u30fc"},"content":{"rendered":"<p>La nouvelle gamme de Briquets Xikar Forte Red (Rouge) Lighter est dot\u00e9e d&rsquo;un jet simple flamme puissant et compact avec un corps tout en m\u00e9tal. Il poss\u00e8de un coupe cigares int\u00e9gr\u00e9 (Cigar Punch).<\/p>\n<ul>\n<li>Un jet simple flamme<\/li>\n<li>Bo\u00eetier \u00e9l\u00e9gant et robuste<\/li>\n<li>Molette de r\u00e9glage facile \u00e0 utiliser<\/li>\n<li>Coupe cigares<\/li>\n<li>Fen\u00eatre informant sur le niveau de gaz<\/li>\n<\/ul>","protected":false},"excerpt":{"rendered":"<p>\u5358\u767a\u5f0f\u30b8\u30a7\u30c3\u30c8\u30e9\u30a4\u30bf\u30fc\u3002.<\/p>","protected":false},"featured_media":42511,"template":"","meta":{"_acf_changed":false},"product_brand":[],"product_cat":[21754,21984,23407,23214,23212],"product_tag":[],"class_list":{"0":"post-42509","1":"product","2":"type-product","3":"status-publish","4":"has-post-thumbnail","6":"product_cat-accessoires-cigares","7":"product_cat-briquets","8":"product_cat-forte","9":"product_cat-simple-flamme","10":"product_cat-xikar","11":"product_shipping_class-briquet","13":"first","14":"instock","15":"taxable","16":"shipping-taxable","17":"purchasable","18":"product-type-simple"},"acf":[],"_links":{"self":[{"href":"https:\/\/cigarquality.com\/ja\/wp-json\/wp\/v2\/product\/42509","targetHints":{"allow":["GET"]}}],"collection":[{"href":"https:\/\/cigarquality.com\/ja\/wp-json\/wp\/v2\/product"}],"about":[{"href":"https:\/\/cigarquality.com\/ja\/wp-json\/wp\/v2\/types\/product"}],"wp:featuredmedia":[{"embeddable":true,"href":"https:\/\/cigarquality.com\/ja\/wp-json\/wp\/v2\/media\/42511"}],"wp:attachment":[{"href":"https:\/\/cigarquality.com\/ja\/wp-json\/wp\/v2\/media?parent=42509"}],"wp:term":[{"taxonomy":"product_brand","embeddable":true,"href":"https:\/\/cigarquality.com\/ja\/wp-json\/wp\/v2\/product_brand?post=42509"},{"taxonomy":"product_cat","embeddable":true,"href":"https:\/\/cigarquality.com\/ja\/wp-json\/wp\/v2\/product_cat?post=42509"},{"taxonomy":"product_tag","embeddable":true,"href":"https:\/\/cigarquality.com\/ja\/wp-json\/wp\/v2\/product_tag?post=42509"}],"curies":[{"name":"wp","href":"https:\/\/api.w.org\/{rel}","templated":true}]}}