{"id":42423,"date":"2020-01-28T13:43:55","date_gmt":"2020-01-28T12:43:55","guid":{"rendered":"https:\/\/cigarquality.com\/?post_type=product&#038;p=31769"},"modified":"2025-07-25T13:31:01","modified_gmt":"2025-07-25T11:31:01","slug":"xikar-volta-tabletop-lighter-daytona-red-569rd","status":"publish","type":"product","link":"https:\/\/cigarquality.com\/ja\/boutique\/accessoires-cigares\/briquets\/xikar\/quadruple-flamme\/volta\/xikar-volta-tabletop-lighter-daytona-red-569rd\/","title":{"rendered":"Briquet de table Xikar Volta Daytona Red 569RD"},"content":{"rendered":"<p>Le briquet de table <strong>Xikar Volta Tabletop Lighter Daytona Red (rouge)<\/strong>\u00a0regroupe les technologies brevet\u00e9es de Xikar pour offrir un briquet de haute performance. Son corps tout en m\u00e9tal alli\u00e9 \u00e0 ses quadruple flammes puissantes, font de lui l&rsquo;accessoire indispensable pour tous les fumeurs de cigares.<\/p>\n<ul>\n<li>Couvercle d&rsquo;ouverture s\u00e9curis\u00e9e<\/li>\n<li>Quadruple Flammes torches puissantes<\/li>\n<li>Grand bouton d&rsquo;allumage<\/li>\n<li>Gauge rouge indiquant le niveau de gaz<\/li>\n<li>R\u00e9glage de la flamme<\/li>\n<li>Dimensions : 120 x \u00d8 55 mm<\/li>\n<\/ul>","protected":false},"excerpt":{"rendered":"<p>Briquet de table.<\/p>","protected":false},"featured_media":42427,"template":"","meta":{"_acf_changed":false},"product_brand":[],"product_cat":[21754,21984,23307,23309,23212],"product_tag":[],"class_list":{"0":"post-42423","1":"product","2":"type-product","3":"status-publish","4":"has-post-thumbnail","6":"product_cat-accessoires-cigares","7":"product_cat-briquets","8":"product_cat-quadruple-flamme","9":"product_cat-volta","10":"product_cat-xikar","11":"product_shipping_class-briquet","13":"first","14":"instock","15":"taxable","16":"shipping-taxable","17":"purchasable","18":"product-type-simple"},"acf":[],"_links":{"self":[{"href":"https:\/\/cigarquality.com\/ja\/wp-json\/wp\/v2\/product\/42423","targetHints":{"allow":["GET"]}}],"collection":[{"href":"https:\/\/cigarquality.com\/ja\/wp-json\/wp\/v2\/product"}],"about":[{"href":"https:\/\/cigarquality.com\/ja\/wp-json\/wp\/v2\/types\/product"}],"wp:featuredmedia":[{"embeddable":true,"href":"https:\/\/cigarquality.com\/ja\/wp-json\/wp\/v2\/media\/42427"}],"wp:attachment":[{"href":"https:\/\/cigarquality.com\/ja\/wp-json\/wp\/v2\/media?parent=42423"}],"wp:term":[{"taxonomy":"product_brand","embeddable":true,"href":"https:\/\/cigarquality.com\/ja\/wp-json\/wp\/v2\/product_brand?post=42423"},{"taxonomy":"product_cat","embeddable":true,"href":"https:\/\/cigarquality.com\/ja\/wp-json\/wp\/v2\/product_cat?post=42423"},{"taxonomy":"product_tag","embeddable":true,"href":"https:\/\/cigarquality.com\/ja\/wp-json\/wp\/v2\/product_tag?post=42423"}],"curies":[{"name":"wp","href":"https:\/\/api.w.org\/{rel}","templated":true}]}}