{"id":42373,"date":"2020-01-31T10:43:41","date_gmt":"2020-01-31T09:43:41","guid":{"rendered":"https:\/\/cigarquality.com\/?post_type=product&#038;p=31942"},"modified":"2025-07-25T13:56:33","modified_gmt":"2025-07-25T11:56:33","slug":"xikar-xidris-black-541bk","status":"publish","type":"product","link":"https:\/\/cigarquality.com\/ja\/boutique\/accessoires-cigares\/briquets\/xikar\/simple-flamme\/xidris\/xikar-xidris-black-541bk\/","title":{"rendered":"Briquet Xikar Xidris Black 541BK"},"content":{"rendered":"<p>Con\u00e7u dans une classe \u00e0 part, le nouveau briquet \u00e0 flamme unique <strong>Xikar Xidris Black<\/strong> repousse les limites du style de luxe et de la sortie haute performance. Chaque briquet pr\u00e9sente une finition unique inspir\u00e9e des supercar pour un style distinct et profond, rehauss\u00e9 par des lignes impeccables et des courbes subtiles.\u00a0La technologie de flamme Direct Inject \u2122 optimise les performances, favorisant une flamme constante et stable, \u00e0 chaque fois.\u00a0Alliant luxe et performance.<\/p>","protected":false},"excerpt":{"rendered":"<p>\u5358\u767a\u5f0f\u30b8\u30a7\u30c3\u30c8\u30e9\u30a4\u30bf\u30fc\u3002.<\/p>","protected":false},"featured_media":42375,"template":"","meta":{"_acf_changed":false},"product_brand":[],"product_cat":[21754,21984,23214,23216,23212],"product_tag":[],"class_list":{"0":"post-42373","1":"product","2":"type-product","3":"status-publish","4":"has-post-thumbnail","6":"product_cat-accessoires-cigares","7":"product_cat-briquets","8":"product_cat-simple-flamme","9":"product_cat-xidris","10":"product_cat-xikar","11":"product_shipping_class-briquet","13":"first","14":"instock","15":"taxable","16":"shipping-taxable","17":"purchasable","18":"product-type-simple"},"acf":[],"_links":{"self":[{"href":"https:\/\/cigarquality.com\/ja\/wp-json\/wp\/v2\/product\/42373","targetHints":{"allow":["GET"]}}],"collection":[{"href":"https:\/\/cigarquality.com\/ja\/wp-json\/wp\/v2\/product"}],"about":[{"href":"https:\/\/cigarquality.com\/ja\/wp-json\/wp\/v2\/types\/product"}],"wp:featuredmedia":[{"embeddable":true,"href":"https:\/\/cigarquality.com\/ja\/wp-json\/wp\/v2\/media\/42375"}],"wp:attachment":[{"href":"https:\/\/cigarquality.com\/ja\/wp-json\/wp\/v2\/media?parent=42373"}],"wp:term":[{"taxonomy":"product_brand","embeddable":true,"href":"https:\/\/cigarquality.com\/ja\/wp-json\/wp\/v2\/product_brand?post=42373"},{"taxonomy":"product_cat","embeddable":true,"href":"https:\/\/cigarquality.com\/ja\/wp-json\/wp\/v2\/product_cat?post=42373"},{"taxonomy":"product_tag","embeddable":true,"href":"https:\/\/cigarquality.com\/ja\/wp-json\/wp\/v2\/product_tag?post=42373"}],"curies":[{"name":"wp","href":"https:\/\/api.w.org\/{rel}","templated":true}]}}