{"id":42191,"date":"2020-02-03T15:51:23","date_gmt":"2020-02-03T14:51:23","guid":{"rendered":"https:\/\/cigarquality.com\/?post_type=product&#038;p=32111"},"modified":"2025-07-25T13:57:25","modified_gmt":"2025-07-25T11:57:25","slug":"davidoff-zino-z2-coupe-cigare-double-lame-beige","status":"publish","type":"product","link":"https:\/\/cigarquality.com\/ja\/boutique\/accessoires-cigares\/coupe-cigares\/davidoff-coupe-cigares\/davidoff-zino-z2-coupe-cigare-double-lame-beige\/","title":{"rendered":"Zino Z2 \u30c0\u30d6\u30eb\u30d6\u30ec\u30fc\u30c9 \u30b7\u30ac\u30fc\u30ab\u30c3\u30bf\u30fc \u30d9\u30fc\u30b8\u30e5"},"content":{"rendered":"<p><strong>\u30b8\u30fc\u30ceZ2<\/strong> est un coupe-cigares avec une bague de 60 ou 24 mm de diam\u00e8tre. Ces lames sont en acier inoxydable pour une coupe nette et pr\u00e9cise. Les doubles lames (guillotine double) viennent de chaque c\u00f4t\u00e9 du cigare et<br \/>\ntranchent \u00e0 travers le cigare sans l&rsquo;\u00e9craser. Manches en chrome brillant.<\/p>","protected":false},"excerpt":{"rendered":"<p>\u4e21\u5203\u30b7\u30ac\u30fc\u30ab\u30c3\u30bf\u30fc\u3002.<\/p>","protected":false},"featured_media":42193,"template":"","meta":{"_acf_changed":false},"product_brand":[],"product_cat":[21754,21757,23033],"product_tag":[],"class_list":{"0":"post-42191","1":"product","2":"type-product","3":"status-publish","4":"has-post-thumbnail","6":"product_cat-accessoires-cigares","7":"product_cat-coupe-cigares","8":"product_cat-davidoff-coupe-cigares","9":"product_shipping_class-divers","11":"first","12":"outofstock","13":"taxable","14":"shipping-taxable","15":"purchasable","16":"product-type-simple"},"acf":[],"_links":{"self":[{"href":"https:\/\/cigarquality.com\/ja\/wp-json\/wp\/v2\/product\/42191","targetHints":{"allow":["GET"]}}],"collection":[{"href":"https:\/\/cigarquality.com\/ja\/wp-json\/wp\/v2\/product"}],"about":[{"href":"https:\/\/cigarquality.com\/ja\/wp-json\/wp\/v2\/types\/product"}],"wp:featuredmedia":[{"embeddable":true,"href":"https:\/\/cigarquality.com\/ja\/wp-json\/wp\/v2\/media\/42193"}],"wp:attachment":[{"href":"https:\/\/cigarquality.com\/ja\/wp-json\/wp\/v2\/media?parent=42191"}],"wp:term":[{"taxonomy":"product_brand","embeddable":true,"href":"https:\/\/cigarquality.com\/ja\/wp-json\/wp\/v2\/product_brand?post=42191"},{"taxonomy":"product_cat","embeddable":true,"href":"https:\/\/cigarquality.com\/ja\/wp-json\/wp\/v2\/product_cat?post=42191"},{"taxonomy":"product_tag","embeddable":true,"href":"https:\/\/cigarquality.com\/ja\/wp-json\/wp\/v2\/product_tag?post=42191"}],"curies":[{"name":"wp","href":"https:\/\/api.w.org\/{rel}","templated":true}]}}