{"id":42157,"date":"2020-02-04T11:12:39","date_gmt":"2020-02-04T10:12:39","guid":{"rendered":"https:\/\/cigarquality.com\/?post_type=product&#038;p=32144"},"modified":"2025-12-18T11:44:51","modified_gmt":"2025-12-18T10:44:51","slug":"colibri-sv-cut-coupe-cigare-noir","status":"publish","type":"product","link":"https:\/\/cigarquality.com\/ja\/boutique\/accessoires-cigares\/coupe-cigares\/colibri\/colibri-sv-cut-coupe-cigare-noir\/","title":{"rendered":"\u30b3\u30ea\u30d6\u30ea SV\u30ab\u30c3\u30c8 \u30b7\u30ac\u30fc\u30ab\u30c3\u30bf\u30fc \u30d6\u30e9\u30c3\u30af"},"content":{"rendered":"<p>Le coupe-cigare Colibri SV-Cut noir est une combinaison deux-en-un des coupe-cigares Colibri V-Cut et S-Cut incroyablement populaires.<\/p>\n<p>Le SV-Cut combine le V-Cut et le S-Cut en un coupe-cigare incroyable sans renoncer \u00e0 aucune fonctionnalit\u00e9 ou facilit\u00e9 d&rsquo;utilisation. Le c\u00f4t\u00e9 V du SV-Cut utilise la m\u00eame lame que le V-Cut d&rsquo;origine et fournit le \u00ab\u00a0V\u00a0\u00bb propre et identique. La profondeur du \u00ab\u00a0V\u00a0\u00bb est facilement r\u00e9gl\u00e9e en tenant la t\u00eate de cigare un peu plus loin &#8211; il est donc tout aussi facile de couper un coin plus petit des lanceros ou des figurados.<\/p>\n<p>C\u00f4t\u00e9 S (coupe droite), l&rsquo;ouverture est l\u00e9g\u00e8rement plus grande et peut accueillir jusqu&rsquo;\u00e0 un cigare \u00e0\u00a0 bague 68 \u00e0 70 (26.77 \u00e0 28.34 mm de diam\u00e8tre).<\/p>\n<p>Le d\u00e9clencheur des deux lames est situ\u00e9 sur le c\u00f4t\u00e9 V. La forme ergonomique et les lames \u00e0 ressort rendent la coupe des deux c\u00f4t\u00e9s presque aussi agr\u00e9able que de fumer le cigare lui-m\u00eame. Les deux c\u00f4t\u00e9s du corps sont textur\u00e9s avec un motif \u00ab\u00a0pachmayr\u00a0\u00bb pour une adh\u00e9rence s\u00fbre.<\/p>\n<ul>\n<li>2 en 1<\/li>\n<li>\u30c0\u30d6\u30eb\u30d6\u30ec\u30fc\u30c9\u30fb\u30ae\u30ed\u30c1\u30f3<\/li>\n<li>Coupe en forme de V<\/li>\n<li>\u4eba\u9593\u5de5\u5b66\u306b\u57fa\u3065\u3044\u305f\u30c7\u30b6\u30a4\u30f3<\/li>\n<li>\u30b9\u30c6\u30f3\u30ec\u30b9\u92fc\u30d6\u30ec\u30fc\u30c9<\/li>\n<\/ul>","protected":false},"excerpt":{"rendered":"<p>2in1\u30b7\u30ac\u30fc\u30ab\u30c3\u30bf\u30fc\u3002.<\/p>","protected":false},"featured_media":32145,"template":"","meta":{"_acf_changed":false},"product_brand":[],"product_cat":[21754,22912,21757],"product_tag":[],"class_list":{"0":"post-42157","1":"product","2":"type-product","3":"status-publish","4":"has-post-thumbnail","6":"product_cat-accessoires-cigares","7":"product_cat-colibri","8":"product_cat-coupe-cigares","9":"product_shipping_class-divers","11":"first","12":"instock","13":"taxable","14":"shipping-taxable","15":"purchasable","16":"product-type-simple"},"acf":[],"_links":{"self":[{"href":"https:\/\/cigarquality.com\/ja\/wp-json\/wp\/v2\/product\/42157","targetHints":{"allow":["GET"]}}],"collection":[{"href":"https:\/\/cigarquality.com\/ja\/wp-json\/wp\/v2\/product"}],"about":[{"href":"https:\/\/cigarquality.com\/ja\/wp-json\/wp\/v2\/types\/product"}],"wp:featuredmedia":[{"embeddable":true,"href":"https:\/\/cigarquality.com\/ja\/wp-json\/wp\/v2\/media\/32145"}],"wp:attachment":[{"href":"https:\/\/cigarquality.com\/ja\/wp-json\/wp\/v2\/media?parent=42157"}],"wp:term":[{"taxonomy":"product_brand","embeddable":true,"href":"https:\/\/cigarquality.com\/ja\/wp-json\/wp\/v2\/product_brand?post=42157"},{"taxonomy":"product_cat","embeddable":true,"href":"https:\/\/cigarquality.com\/ja\/wp-json\/wp\/v2\/product_cat?post=42157"},{"taxonomy":"product_tag","embeddable":true,"href":"https:\/\/cigarquality.com\/ja\/wp-json\/wp\/v2\/product_tag?post=42157"}],"curies":[{"name":"wp","href":"https:\/\/api.w.org\/{rel}","templated":true}]}}