{"id":42087,"date":"2020-02-04T14:31:55","date_gmt":"2020-02-04T13:31:55","guid":{"rendered":"https:\/\/cigarquality.com\/?post_type=product&#038;p=32182"},"modified":"2025-07-25T13:56:36","modified_gmt":"2025-07-25T11:56:36","slug":"colibri-s-cut-coupe-cigare-noir-lame-noire","status":"publish","type":"product","link":"https:\/\/cigarquality.com\/ja\/boutique\/accessoires-cigares\/coupe-cigares\/colibri\/colibri-s-cut-coupe-cigare-noir-lame-noire\/","title":{"rendered":"\u30b3\u30ea\u30d6\u30ea S\u30ab\u30c3\u30c8 \u30b7\u30ac\u30fc\u30ab\u30c3\u30bf\u30fc \u9ed2\u5203"},"content":{"rendered":"<p><strong>Le Colibri S-Cut coupe cigare noir lame noire<\/strong>\u00a0a tout ce que vous aimez du V-Cut &#8211; dans une coupe droite. Le Colibri S-Cut est profil\u00e9 pour tenir en toute s\u00e9curit\u00e9 dans votre main. La lame principale en acier inoxydable est \u00e0 ressort et est sp\u00e9cialement con\u00e7ue pour rencontrer la lame secondaire avec presque aucun espace entre les deux lames pour produire un cisaillement net sur la t\u00eate de votre cigare.<\/p>\n<p>\u30ca\u30a4\u30d5\u306e\u80cc\u9762\u304c\u9589\u3058\u3066\u3044\u308b\u305f\u3081\u3001\u8449\u5dfb\u306e\u982d\u90e8\u3092\u5e38\u306b2.5mm\u306e\u5b8c\u74a7\u306a\u526a\u65ad\u306b\u5236\u9650\u3059\u308b\u30ec\u30ae\u30e5\u30ec\u30fc\u30bf\u30fc\u3068\u3057\u3066\u6a5f\u80fd\u3057\u3001\u719f\u7df4\u3057\u305f\u611b\u597d\u5bb6\u3084\u6b63\u3057\u3044\u8449\u5dfb\u306e\u6e96\u5099\u3092\u5b66\u3076\u4eba\u306b\u3068\u3063\u3066\u7406\u60f3\u7684\u3067\u3059\u3002.<\/p>\n<p>\u5203\u306e\u30ac\u30a4\u30c9\u304c\u30b9\u30e0\u30fc\u30ba\u306b\u4f5c\u52d5\u3057\u3001\u7c21\u5358\u306b\u304d\u308c\u3044\u306a\u30ab\u30c3\u30c8\u3092\u5b9f\u73fe\u3057\u307e\u3059\u3002\u30ea\u30f3\u30b0\u30b2\u30fc\u30b866(\u76f4\u5f8425.98mm)\u307e\u3067\u306e\u5927\u578b\u8449\u5dfb\u306bS\u30ab\u30c3\u30c8\u3092\u3054\u5229\u7528\u304f\u3060\u3055\u3044\u3002.<\/p>\n<ul>\n<li>\u30c0\u30d6\u30eb\u30d6\u30ec\u30fc\u30c9\u30fb\u30ae\u30ed\u30c1\u30f3<\/li>\n<li>\u30b9\u30d7\u30ea\u30f3\u30b0\u5f0f<\/li>\n<li>\u4eba\u9593\u5de5\u5b66\u306b\u57fa\u3065\u3044\u305f\u30c7\u30b6\u30a4\u30f3<\/li>\n<li>\u30b9\u30c6\u30f3\u30ec\u30b9\u92fc\u30d6\u30ec\u30fc\u30c9<\/li>\n<\/ul>","protected":false},"excerpt":{"rendered":"<p>\u4e21\u5203\u30b7\u30ac\u30fc\u30ab\u30c3\u30bf\u30fc\u3002.<\/p>","protected":false},"featured_media":32183,"template":"","meta":{"_acf_changed":false},"product_brand":[],"product_cat":[21754,22912,21757],"product_tag":[],"class_list":{"0":"post-42087","1":"product","2":"type-product","3":"status-publish","4":"has-post-thumbnail","6":"product_cat-accessoires-cigares","7":"product_cat-colibri","8":"product_cat-coupe-cigares","9":"product_shipping_class-divers","11":"first","12":"outofstock","13":"taxable","14":"shipping-taxable","15":"purchasable","16":"product-type-simple"},"acf":[],"_links":{"self":[{"href":"https:\/\/cigarquality.com\/ja\/wp-json\/wp\/v2\/product\/42087","targetHints":{"allow":["GET"]}}],"collection":[{"href":"https:\/\/cigarquality.com\/ja\/wp-json\/wp\/v2\/product"}],"about":[{"href":"https:\/\/cigarquality.com\/ja\/wp-json\/wp\/v2\/types\/product"}],"wp:featuredmedia":[{"embeddable":true,"href":"https:\/\/cigarquality.com\/ja\/wp-json\/wp\/v2\/media\/32183"}],"wp:attachment":[{"href":"https:\/\/cigarquality.com\/ja\/wp-json\/wp\/v2\/media?parent=42087"}],"wp:term":[{"taxonomy":"product_brand","embeddable":true,"href":"https:\/\/cigarquality.com\/ja\/wp-json\/wp\/v2\/product_brand?post=42087"},{"taxonomy":"product_cat","embeddable":true,"href":"https:\/\/cigarquality.com\/ja\/wp-json\/wp\/v2\/product_cat?post=42087"},{"taxonomy":"product_tag","embeddable":true,"href":"https:\/\/cigarquality.com\/ja\/wp-json\/wp\/v2\/product_tag?post=42087"}],"curies":[{"name":"wp","href":"https:\/\/api.w.org\/{rel}","templated":true}]}}