{"id":42065,"date":"2020-02-04T15:21:31","date_gmt":"2020-02-04T14:21:31","guid":{"rendered":"https:\/\/cigarquality.com\/?post_type=product&#038;p=32197"},"modified":"2026-01-23T14:01:43","modified_gmt":"2026-01-23T13:01:43","slug":"colibri-v-cut-coupe-cigare-gris","status":"publish","type":"product","link":"https:\/\/cigarquality.com\/ja\/boutique\/accessoires-cigares\/coupe-cigares\/colibri\/colibri-v-cut-coupe-cigare-gris\/","title":{"rendered":"\u30b3\u30ea\u30d6\u30eaV\u30ab\u30c3\u30c8 \u30b0\u30ec\u30fc \u30b7\u30ac\u30fc\u30ab\u30c3\u30bf\u30fc"},"content":{"rendered":"<p>La coupe en forme de \u00ab\u00a0V\u00a0\u00bb est une pr\u00e9paration classique pour un cigare et est redevenue populaire alors que les amateurs explorent de nouveaux profils de saveurs et de nouveaux m\u00e9langes. <strong>Le Colibri V-Cut gris<\/strong> est profil\u00e9 pour tenir en toute s\u00e9curit\u00e9 dans votre main. La lame en acier inoxydable est \u00e0 ressort et est sp\u00e9cialement con\u00e7ue avec un angle aigu et profond, de mani\u00e8re \u00e0 p\u00e9n\u00e9trer jusqu&rsquo;\u00e0 7 mm dans le capuchon pour fournir un tirage riche et robuste.<\/p>\n<p>L&rsquo;action guid\u00e9e de la lame se d\u00e9roule en douceur, assurant une coupe profonde et propre facilement accomplie. Profitez du Colibri V-Cut sur les grands cigares de plus de 60 (bague) soit 23.62 mm de diam\u00e8tre, et il est \u00e9galement excellent sur un torpedo.<\/p>\n<ul>\n<li>\u30b9\u30d7\u30ea\u30f3\u30b0\u5f0f<\/li>\n<li>V\u5b57\u578b\u30b7\u30ac\u30fc\u30ab\u30c3\u30bf\u30fc\u00ab<\/li>\n<li>\u4eba\u9593\u5de5\u5b66\u306b\u57fa\u3065\u3044\u305f\u30c7\u30b6\u30a4\u30f3<\/li>\n<li>\u30b9\u30c6\u30f3\u30ec\u30b9\u92fc\u30d6\u30ec\u30fc\u30c9<\/li>\n<li>\u7279\u8a31 D698,993<\/li>\n<\/ul>","protected":false},"excerpt":{"rendered":"<p>V\u30ab\u30c3\u30c8\u306e\u8449\u5dfb\u3002.<\/p>","protected":false},"featured_media":32188,"template":"","meta":{"_acf_changed":false},"product_brand":[],"product_cat":[21754,22912,21757],"product_tag":[],"class_list":{"0":"post-42065","1":"product","2":"type-product","3":"status-publish","4":"has-post-thumbnail","6":"product_cat-accessoires-cigares","7":"product_cat-colibri","8":"product_cat-coupe-cigares","9":"product_shipping_class-divers","11":"first","12":"instock","13":"taxable","14":"shipping-taxable","15":"purchasable","16":"product-type-simple"},"acf":[],"_links":{"self":[{"href":"https:\/\/cigarquality.com\/ja\/wp-json\/wp\/v2\/product\/42065","targetHints":{"allow":["GET"]}}],"collection":[{"href":"https:\/\/cigarquality.com\/ja\/wp-json\/wp\/v2\/product"}],"about":[{"href":"https:\/\/cigarquality.com\/ja\/wp-json\/wp\/v2\/types\/product"}],"wp:featuredmedia":[{"embeddable":true,"href":"https:\/\/cigarquality.com\/ja\/wp-json\/wp\/v2\/media\/32188"}],"wp:attachment":[{"href":"https:\/\/cigarquality.com\/ja\/wp-json\/wp\/v2\/media?parent=42065"}],"wp:term":[{"taxonomy":"product_brand","embeddable":true,"href":"https:\/\/cigarquality.com\/ja\/wp-json\/wp\/v2\/product_brand?post=42065"},{"taxonomy":"product_cat","embeddable":true,"href":"https:\/\/cigarquality.com\/ja\/wp-json\/wp\/v2\/product_cat?post=42065"},{"taxonomy":"product_tag","embeddable":true,"href":"https:\/\/cigarquality.com\/ja\/wp-json\/wp\/v2\/product_tag?post=42065"}],"curies":[{"name":"wp","href":"https:\/\/api.w.org\/{rel}","templated":true}]}}