{"id":42023,"date":"2020-02-05T12:53:22","date_gmt":"2020-02-05T11:53:22","guid":{"rendered":"https:\/\/cigarquality.com\/?post_type=product&#038;p=32243"},"modified":"2025-07-25T13:56:45","modified_gmt":"2025-07-25T11:56:45","slug":"st-dupont-coupe-cigare-stand-double-lame-chrome-et-noir","status":"publish","type":"product","link":"https:\/\/cigarquality.com\/ja\/boutique\/accessoires-cigares\/coupe-cigares\/st-dupont\/st-dupont-coupe-cigare-stand-double-lame-chrome-et-noir\/","title":{"rendered":"\u30b7\u30ac\u30fc\u30ab\u30c3\u30bf\u30fc S.T.\u30c7\u30e5\u30dd\u30f3\u30b9\u30bf\u30f3\u30c9 \u30c0\u30d6\u30eb\u30d6\u30ec\u30fc\u30c9 \u30af\u30ed\u30fc\u30e0\uff06\u30d6\u30e9\u30c3\u30af"},"content":{"rendered":"<p><strong>Le S.T. Dupont Coupe-cigare Stand double lame chrome et noir<\/strong> est un magnifique coupe cigare de la marque S.T. Dupont, tout en m\u00e9tal et acier inoxydable pour les lames. Ce coupe-cigare poss\u00e8de une coupe guillotine double avec une lame qui se l\u00e8ve et se rabaisse d&rsquo;un coup sec pour trancher parfaitement le cigare. Noir et chrom\u00e9, il est \u00e9l\u00e9gant et il tient facilement dans une poche pour \u00eatre emmen\u00e9 partout !<\/p>","protected":false},"excerpt":{"rendered":"<p>\u4e21\u5203\u30b7\u30ac\u30fc\u30ab\u30c3\u30bf\u30fc\u3002.<\/p>","protected":false},"featured_media":42029,"template":"","meta":{"_acf_changed":false},"product_brand":[],"product_cat":[21754,21757,21962],"product_tag":[],"class_list":{"0":"post-42023","1":"product","2":"type-product","3":"status-publish","4":"has-post-thumbnail","6":"product_cat-accessoires-cigares","7":"product_cat-coupe-cigares","8":"product_cat-st-dupont","9":"product_shipping_class-divers","11":"first","12":"outofstock","13":"taxable","14":"shipping-taxable","15":"purchasable","16":"product-type-simple"},"acf":[],"_links":{"self":[{"href":"https:\/\/cigarquality.com\/ja\/wp-json\/wp\/v2\/product\/42023","targetHints":{"allow":["GET"]}}],"collection":[{"href":"https:\/\/cigarquality.com\/ja\/wp-json\/wp\/v2\/product"}],"about":[{"href":"https:\/\/cigarquality.com\/ja\/wp-json\/wp\/v2\/types\/product"}],"wp:featuredmedia":[{"embeddable":true,"href":"https:\/\/cigarquality.com\/ja\/wp-json\/wp\/v2\/media\/42029"}],"wp:attachment":[{"href":"https:\/\/cigarquality.com\/ja\/wp-json\/wp\/v2\/media?parent=42023"}],"wp:term":[{"taxonomy":"product_brand","embeddable":true,"href":"https:\/\/cigarquality.com\/ja\/wp-json\/wp\/v2\/product_brand?post=42023"},{"taxonomy":"product_cat","embeddable":true,"href":"https:\/\/cigarquality.com\/ja\/wp-json\/wp\/v2\/product_cat?post=42023"},{"taxonomy":"product_tag","embeddable":true,"href":"https:\/\/cigarquality.com\/ja\/wp-json\/wp\/v2\/product_tag?post=42023"}],"curies":[{"name":"wp","href":"https:\/\/api.w.org\/{rel}","templated":true}]}}